{"id":84,"date":"2022-07-21T13:14:39","date_gmt":"2022-07-21T11:14:39","guid":{"rendered":"http:\/\/localhost\/skauty_1\/?page_id=84"},"modified":"2026-04-01T14:27:43","modified_gmt":"2026-04-01T12:27:43","slug":"plan-wydarzen","status":"publish","type":"page","link":"https:\/\/www.wroclawskieskauty.pl\/skauty-1\/plan-wydarzen\/","title":{"rendered":"Plan wydarze\u0144"},"content":{"rendered":"\n<h2 class=\"has-text-align-center has-cyan-bluish-gray-color has-text-color\" style=\"font-size:25px;font-style:normal;font-weight:500\"><strong>WYDARZENIA I UROCZYSTO\u015aCI ORGANIZOWANE PRZEZ PRZEDSZKOLE ORAZ RAD\u0118 RODZIC\u00d3W<\/strong>:<\/h2>\n\n\n<div class=\"wp-block-image\">\n<figure class=\"aligncenter size-large\"><img decoding=\"async\" loading=\"lazy\" width=\"724\" height=\"1024\" src=\"https:\/\/www.wroclawskieskauty.pl\/skauty-1\/wp-content\/uploads\/2026\/04\/Attendand-take-home-Shine-and-Sheer-freebies-and-discounts3-724x1024.jpg\" alt=\"\" class=\"wp-image-1106\" srcset=\"https:\/\/www.wroclawskieskauty.pl\/skauty-1\/wp-content\/uploads\/2026\/04\/Attendand-take-home-Shine-and-Sheer-freebies-and-discounts3-724x1024.jpg 724w, https:\/\/www.wroclawskieskauty.pl\/skauty-1\/wp-content\/uploads\/2026\/04\/Attendand-take-home-Shine-and-Sheer-freebies-and-discounts3-212x300.jpg 212w, https:\/\/www.wroclawskieskauty.pl\/skauty-1\/wp-content\/uploads\/2026\/04\/Attendand-take-home-Shine-and-Sheer-freebies-and-discounts3-768x1087.jpg 768w, https:\/\/www.wroclawskieskauty.pl\/skauty-1\/wp-content\/uploads\/2026\/04\/Attendand-take-home-Shine-and-Sheer-freebies-and-discounts3-1086x1536.jpg 1086w, https:\/\/www.wroclawskieskauty.pl\/skauty-1\/wp-content\/uploads\/2026\/04\/Attendand-take-home-Shine-and-Sheer-freebies-and-discounts3.jpg 1357w\" sizes=\"(max-width: 724px) 100vw, 724px\" \/><\/figure><\/div>\n\n<div class=\"wp-block-image\">\n<figure class=\"aligncenter size-large\"><img decoding=\"async\" loading=\"lazy\" width=\"724\" height=\"1024\" src=\"https:\/\/www.wroclawskieskauty.pl\/skauty-1\/wp-content\/uploads\/2026\/03\/Attendand-take-home-Shine-and-Sheer-freebies-and-discounts-1-724x1024.jpg\" alt=\"\" class=\"wp-image-1103\" srcset=\"https:\/\/www.wroclawskieskauty.pl\/skauty-1\/wp-content\/uploads\/2026\/03\/Attendand-take-home-Shine-and-Sheer-freebies-and-discounts-1-724x1024.jpg 724w, https:\/\/www.wroclawskieskauty.pl\/skauty-1\/wp-content\/uploads\/2026\/03\/Attendand-take-home-Shine-and-Sheer-freebies-and-discounts-1-212x300.jpg 212w, https:\/\/www.wroclawskieskauty.pl\/skauty-1\/wp-content\/uploads\/2026\/03\/Attendand-take-home-Shine-and-Sheer-freebies-and-discounts-1-768x1087.jpg 768w, https:\/\/www.wroclawskieskauty.pl\/skauty-1\/wp-content\/uploads\/2026\/03\/Attendand-take-home-Shine-and-Sheer-freebies-and-discounts-1-1086x1536.jpg 1086w, https:\/\/www.wroclawskieskauty.pl\/skauty-1\/wp-content\/uploads\/2026\/03\/Attendand-take-home-Shine-and-Sheer-freebies-and-discounts-1.jpg 1357w\" sizes=\"(max-width: 724px) 100vw, 724px\" \/><\/figure><\/div>\n\n<div class=\"wp-block-image\">\n<figure class=\"aligncenter size-large\"><img decoding=\"async\" loading=\"lazy\" width=\"724\" height=\"1024\" src=\"https:\/\/www.wroclawskieskauty.pl\/skauty-1\/wp-content\/uploads\/2026\/02\/Attendand-take-home-Shine-and-Sheer-freebies-and-discounts2-724x1024.jpg\" alt=\"\" class=\"wp-image-1098\" srcset=\"https:\/\/www.wroclawskieskauty.pl\/skauty-1\/wp-content\/uploads\/2026\/02\/Attendand-take-home-Shine-and-Sheer-freebies-and-discounts2-724x1024.jpg 724w, https:\/\/www.wroclawskieskauty.pl\/skauty-1\/wp-content\/uploads\/2026\/02\/Attendand-take-home-Shine-and-Sheer-freebies-and-discounts2-212x300.jpg 212w, https:\/\/www.wroclawskieskauty.pl\/skauty-1\/wp-content\/uploads\/2026\/02\/Attendand-take-home-Shine-and-Sheer-freebies-and-discounts2-768x1087.jpg 768w, https:\/\/www.wroclawskieskauty.pl\/skauty-1\/wp-content\/uploads\/2026\/02\/Attendand-take-home-Shine-and-Sheer-freebies-and-discounts2-1086x1536.jpg 1086w, https:\/\/www.wroclawskieskauty.pl\/skauty-1\/wp-content\/uploads\/2026\/02\/Attendand-take-home-Shine-and-Sheer-freebies-and-discounts2.jpg 1357w\" sizes=\"(max-width: 724px) 100vw, 724px\" \/><\/figure><\/div>\n\n<div class=\"wp-block-image\">\n<figure class=\"aligncenter size-large\"><img decoding=\"async\" loading=\"lazy\" width=\"724\" height=\"1024\" src=\"https:\/\/www.wroclawskieskauty.pl\/skauty-1\/wp-content\/uploads\/2026\/01\/Attendand-take-home-Shine-and-Sheer-freebies-and-discounts1-724x1024.jpg\" alt=\"\" class=\"wp-image-1066\" srcset=\"https:\/\/www.wroclawskieskauty.pl\/skauty-1\/wp-content\/uploads\/2026\/01\/Attendand-take-home-Shine-and-Sheer-freebies-and-discounts1-724x1024.jpg 724w, https:\/\/www.wroclawskieskauty.pl\/skauty-1\/wp-content\/uploads\/2026\/01\/Attendand-take-home-Shine-and-Sheer-freebies-and-discounts1-212x300.jpg 212w, https:\/\/www.wroclawskieskauty.pl\/skauty-1\/wp-content\/uploads\/2026\/01\/Attendand-take-home-Shine-and-Sheer-freebies-and-discounts1-768x1087.jpg 768w, https:\/\/www.wroclawskieskauty.pl\/skauty-1\/wp-content\/uploads\/2026\/01\/Attendand-take-home-Shine-and-Sheer-freebies-and-discounts1-1086x1536.jpg 1086w, https:\/\/www.wroclawskieskauty.pl\/skauty-1\/wp-content\/uploads\/2026\/01\/Attendand-take-home-Shine-and-Sheer-freebies-and-discounts1.jpg 1357w\" sizes=\"(max-width: 724px) 100vw, 724px\" \/><\/figure><\/div>\n\n<div class=\"wp-block-image\">\n<figure class=\"aligncenter size-large\"><img decoding=\"async\" loading=\"lazy\" width=\"724\" height=\"1024\" src=\"https:\/\/www.wroclawskieskauty.pl\/skauty-1\/wp-content\/uploads\/2025\/11\/Attendand-take-home-Shine-and-Sheer-freebies-and-discounts-724x1024.jpg\" alt=\"\" class=\"wp-image-1054\" srcset=\"https:\/\/www.wroclawskieskauty.pl\/skauty-1\/wp-content\/uploads\/2025\/11\/Attendand-take-home-Shine-and-Sheer-freebies-and-discounts-724x1024.jpg 724w, https:\/\/www.wroclawskieskauty.pl\/skauty-1\/wp-content\/uploads\/2025\/11\/Attendand-take-home-Shine-and-Sheer-freebies-and-discounts-212x300.jpg 212w, https:\/\/www.wroclawskieskauty.pl\/skauty-1\/wp-content\/uploads\/2025\/11\/Attendand-take-home-Shine-and-Sheer-freebies-and-discounts-768x1087.jpg 768w, https:\/\/www.wroclawskieskauty.pl\/skauty-1\/wp-content\/uploads\/2025\/11\/Attendand-take-home-Shine-and-Sheer-freebies-and-discounts-1086x1536.jpg 1086w, https:\/\/www.wroclawskieskauty.pl\/skauty-1\/wp-content\/uploads\/2025\/11\/Attendand-take-home-Shine-and-Sheer-freebies-and-discounts.jpg 1357w\" sizes=\"(max-width: 724px) 100vw, 724px\" \/><\/figure><\/div>\n\n<div class=\"wp-block-image\">\n<figure class=\"aligncenter size-large\"><img decoding=\"async\" loading=\"lazy\" width=\"724\" height=\"1024\" src=\"https:\/\/www.wroclawskieskauty.pl\/skauty-1\/wp-content\/uploads\/2025\/10\/4-1-724x1024.jpg\" alt=\"\" class=\"wp-image-1009\" srcset=\"https:\/\/www.wroclawskieskauty.pl\/skauty-1\/wp-content\/uploads\/2025\/10\/4-1-724x1024.jpg 724w, https:\/\/www.wroclawskieskauty.pl\/skauty-1\/wp-content\/uploads\/2025\/10\/4-1-212x300.jpg 212w, https:\/\/www.wroclawskieskauty.pl\/skauty-1\/wp-content\/uploads\/2025\/10\/4-1-768x1087.jpg 768w, https:\/\/www.wroclawskieskauty.pl\/skauty-1\/wp-content\/uploads\/2025\/10\/4-1-1086x1536.jpg 1086w, https:\/\/www.wroclawskieskauty.pl\/skauty-1\/wp-content\/uploads\/2025\/10\/4-1.jpg 1357w\" sizes=\"(max-width: 724px) 100vw, 724px\" \/><\/figure><\/div>\n\n<div class=\"wp-block-image\">\n<figure class=\"aligncenter size-large is-resized\"><img decoding=\"async\" loading=\"lazy\" src=\"https:\/\/www.wroclawskieskauty.pl\/skauty-1\/wp-content\/uploads\/2025\/10\/3-724x1024.jpg\" alt=\"\" class=\"wp-image-1005\" width=\"724\" height=\"1024\" srcset=\"https:\/\/www.wroclawskieskauty.pl\/skauty-1\/wp-content\/uploads\/2025\/10\/3-724x1024.jpg 724w, https:\/\/www.wroclawskieskauty.pl\/skauty-1\/wp-content\/uploads\/2025\/10\/3-212x300.jpg 212w, https:\/\/www.wroclawskieskauty.pl\/skauty-1\/wp-content\/uploads\/2025\/10\/3-768x1087.jpg 768w, https:\/\/www.wroclawskieskauty.pl\/skauty-1\/wp-content\/uploads\/2025\/10\/3-1086x1536.jpg 1086w, https:\/\/www.wroclawskieskauty.pl\/skauty-1\/wp-content\/uploads\/2025\/10\/3.jpg 1357w\" sizes=\"(max-width: 724px) 100vw, 724px\" \/><\/figure><\/div>\n\n\n<figure class=\"is-layout-flex wp-block-gallery-1 wp-block-gallery has-nested-images columns-default is-cropped\"><\/figure>\n\n\n<div class=\"wp-block-image\">\n<figure class=\"aligncenter size-large\"><img decoding=\"async\" loading=\"lazy\" width=\"724\" height=\"1024\" src=\"https:\/\/www.wroclawskieskauty.pl\/skauty-1\/wp-content\/uploads\/2025\/10\/1-1-724x1024.jpg\" alt=\"\" class=\"wp-image-1007\" srcset=\"https:\/\/www.wroclawskieskauty.pl\/skauty-1\/wp-content\/uploads\/2025\/10\/1-1-724x1024.jpg 724w, https:\/\/www.wroclawskieskauty.pl\/skauty-1\/wp-content\/uploads\/2025\/10\/1-1-212x300.jpg 212w, https:\/\/www.wroclawskieskauty.pl\/skauty-1\/wp-content\/uploads\/2025\/10\/1-1-768x1087.jpg 768w, https:\/\/www.wroclawskieskauty.pl\/skauty-1\/wp-content\/uploads\/2025\/10\/1-1-1086x1536.jpg 1086w, https:\/\/www.wroclawskieskauty.pl\/skauty-1\/wp-content\/uploads\/2025\/10\/1-1.jpg 1357w\" sizes=\"(max-width: 724px) 100vw, 724px\" \/><\/figure><\/div>\n\n\n<figure class=\"is-layout-flex wp-block-gallery-3 wp-block-gallery aligncenter has-nested-images columns-default is-cropped\"><\/figure>\n\n\n\n<div class=\"is-layout-constrained wp-block-group\"><div class=\"wp-block-group__inner-container\">\n<div class=\"is-layout-constrained wp-block-group\"><div class=\"wp-block-group__inner-container\">\n<div class=\"is-layout-constrained wp-block-group\"><div class=\"wp-block-group__inner-container\"><\/div><\/div>\n<\/div><\/div>\n<\/div><\/div>\n","protected":false},"excerpt":{"rendered":"<p>WYDARZENIA I UROCZYSTO\u015aCI ORGANIZOWANE PRZEZ PRZEDSZKOLE ORAZ RAD\u0118 RODZIC\u00d3W:<\/p>\n","protected":false},"author":1,"featured_media":0,"parent":0,"menu_order":0,"comment_status":"closed","ping_status":"closed","template":"","meta":[],"acf":[],"_links":{"self":[{"href":"https:\/\/www.wroclawskieskauty.pl\/skauty-1\/wp-json\/wp\/v2\/pages\/84"}],"collection":[{"href":"https:\/\/www.wroclawskieskauty.pl\/skauty-1\/wp-json\/wp\/v2\/pages"}],"about":[{"href":"https:\/\/www.wroclawskieskauty.pl\/skauty-1\/wp-json\/wp\/v2\/types\/page"}],"author":[{"embeddable":true,"href":"https:\/\/www.wroclawskieskauty.pl\/skauty-1\/wp-json\/wp\/v2\/users\/1"}],"replies":[{"embeddable":true,"href":"https:\/\/www.wroclawskieskauty.pl\/skauty-1\/wp-json\/wp\/v2\/comments?post=84"}],"version-history":[{"count":42,"href":"https:\/\/www.wroclawskieskauty.pl\/skauty-1\/wp-json\/wp\/v2\/pages\/84\/revisions"}],"predecessor-version":[{"id":1107,"href":"https:\/\/www.wroclawskieskauty.pl\/skauty-1\/wp-json\/wp\/v2\/pages\/84\/revisions\/1107"}],"wp:attachment":[{"href":"https:\/\/www.wroclawskieskauty.pl\/skauty-1\/wp-json\/wp\/v2\/media?parent=84"}],"curies":[{"name":"wp","href":"https:\/\/api.w.org\/{rel}","templated":true}]}}