{"id":78,"date":"2022-07-21T13:13:34","date_gmt":"2022-07-21T11:13:34","guid":{"rendered":"http:\/\/localhost\/skauty_1\/?page_id=78"},"modified":"2022-12-14T10:55:45","modified_gmt":"2022-12-14T09:55:45","slug":"harmonogram-dnia","status":"publish","type":"page","link":"https:\/\/www.wroclawskieskauty.pl\/skauty-2\/harmonogram-dnia\/","title":{"rendered":"Harmonogram dnia"},"content":{"rendered":"<p>[vc_row][vc_column][vc_column_text]<\/p>\n<p style=\"text-align: center;\"><span style=\"color: #6f4792; font-size: 21px; line-height: 31px; font-weight: bold;\">DZIE\u0143 WROC\u0141AWSKICH SKAUT\u00d3W<br \/>\n<\/span><\/p>\n<p>[\/vc_column_text][vc_empty_space][vc_column_text]<\/p>\n<div id=\"comp-jh0c0l9t\" class=\"txtNew\" data-packed=\"false\" data-min-height=\"543\">\n<p class=\"font_7\"><span style=\"color: #ff00ff;\"><strong><span class=\"color_14\">6.30 &#8211; 8.00<\/span> <\/strong><\/span> &#8211; otwarcie przedszkola, swobodne zabawy i dowolne zaj\u0119cia wed\u0142ug pomys\u0142\u00f3w i zainteresowa\u0144 dzieci przy niewielkim udziale nauczyciela, indywidualne wspieranie rozwoju dziecka, poranne zabawy ruchowe, rozmowy z dzie\u0107mi zgodne z tematyk\u0105 kompleksow\u0105 i zainteresowaniem dzieci;<\/p>\n<p class=\"font_7\"><span style=\"color: #ff00ff;\"><strong><span class=\"color_14\">8.00 &#8211; 8.30<\/span> <\/strong><\/span> &#8211; zabawy integruj\u0105ce grup\u0119, zabawy ruchowe w kole, \u0107wiczenia og\u00f3lnorozwojowe, czas do dyspozycji nauczyciela; czynno\u015bci porz\u0105dkowe w sali, wyrabianie nawyk\u00f3w i czynno\u015bci higienicznych, kulturalnych zwi\u0105zanych z samoobs\u0142ug\u0105 dziecka &#8211; przygotowanie do \u015bniadania;<\/p>\n<p class=\"font_7\"><span style=\"color: #ff00ff;\"><strong><span class=\"color_14\">8.30 &#8211; 9.00<\/span> <\/strong><\/span> &#8211; <strong>\u015bniadanie;<\/strong><\/p>\n<p class=\"font_7\"><span style=\"color: #ff00ff;\"><strong><span class=\"color_14\">9.00 &#8211; 10.00<\/span> <\/strong><\/span> &#8211; realizacja zada\u0144 edukacyjnych poprzez zaj\u0119cia z ca\u0142\u0105 grup\u0105 &#8211; zaj\u0119cia dydaktyczne, programowe prowadzone przez nauczyciela wyzwalaj\u0105ce aktywno\u015b\u0107 dzieci w r\u00f3\u017cnych sferach rozwoju: poznawczej, werbalnej, plastycznej, muzycznej, ruchowej oraz zaj\u0119cia dodatkowe, w szczeg\u00f3lno\u015bci z j\u0119zyka angielskiego, logopedyczne, zaj\u0119cia rytmiczno \u2013 muzyczne, itp.;<\/p>\n<p class=\"font_7\"><span style=\"color: #ff00ff;\"><strong><span class=\"color_14\">10.00 &#8211; 10.15<\/span> <\/strong><\/span> \u2013 <strong>II \u015bniadanie;<\/strong><\/p>\n<p class=\"font_7\"><span style=\"color: #ff00ff;\"><strong><span class=\"color_14\">10.15 &#8211; 11.30<\/span> <\/strong><\/span> &#8211; wycieczki, wyj\u015bcia na spacery, obserwacje przyrodnicze, zabawy dowolne na \u015bwie\u017cym powietrzu, w razie niekorzystnej pogody gry i zabawy swobodne lub zorganizowane w sali, zabawy dydaktyczne, \u0107wiczenia graficzne, utrwalanie poznanych wierszy i piosenek, zaj\u0119cia dodatkowe;<\/p>\n<p class=\"font_7\"><span style=\"color: #ff00ff;\"><strong><span class=\"color_14\">11.30 &#8211; 12.00<\/span> <\/strong><\/span> &#8211; <strong>I danie;<\/strong><\/p>\n<p class=\"font_7\"><span style=\"color: #ff00ff;\"><strong><span class=\"color_14\">12.00 &#8211; 13.30<\/span> <\/strong><\/span> &#8211; le\u017cakowanie dla ch\u0119tnych dzieci, s\u0142uchanie opowiada\u0144 nauczyciela na podstawie literatury dzieci\u0119cej (ewentualnie czytanie fragment\u00f3w ksi\u0105\u017cek), zabawy swobodne i zespo\u0142owe w sali i ogrodzie; indywidualne wspieranie rozwoju dziecka, czas do dyspozycji nauczyciela, zaj\u0119cia dodatkowe;<\/p>\n<p class=\"font_7\"><span style=\"color: #ff00ff;\"><strong><span class=\"color_14\">13.30 &#8211; 14.00<\/span> <\/strong><\/span> &#8211; <strong>II danie, podwieczorek;<\/strong><\/p>\n<p class=\"font_7\"><span style=\"color: #ff00ff;\"><strong><span class=\"color_14\">14.00 &#8211; 15.00<\/span> <\/strong><\/span> &#8211; relaks z bajk\u0105 i muzyk\u0105; zabawy swobodne i zespo\u0142owe w sali i ogrodzie; indywidualne wspieranie rozwoju dziecka, czas do dyspozycji nauczyciela;<\/p>\n<p class=\"font_7\"><span style=\"color: #ff00ff;\"><strong><span class=\"color_14\">15.00 &#8211; 17.30<\/span> <\/strong><\/span> &#8211; zabawy konstrukcyjne oraz rozwijaj\u0105ce koordynacj\u0119 wzrokowo \u2013 ruchow\u0105 i sprawno\u015b\u0107 manualn\u0105, gry i zabawy dowolne wed\u0142ug zainteresowa\u0144, indywidualna praca stymulacyjna lub korekcyjno \u2013 kompensacyjna, zaj\u0119cia dodatkowe;<\/p>\n<p class=\"font_7\"><span style=\"color: #ff00ff;\"><strong><span class=\"color_14\">13.00 &#8211; 17.30<\/span> <\/strong><\/span> &#8211; odbi\u00f3r dzieci z przedszkola.<\/p>\n<\/div>\n<p>[\/vc_column_text][\/vc_column][\/vc_row][vc_row][vc_column][\/vc_column][\/vc_row]<\/p>\n","protected":false},"excerpt":{"rendered":"<p>[vc_row][vc_column][vc_column_text] DZIE\u0143 WROC\u0141AWSKICH SKAUT\u00d3W [\/vc_column_text][vc_empty_space][vc_column_text] 6.30 &#8211; 8.00 &#8211; otwarcie przedszkola, swobodne zabawy i dowolne zaj\u0119cia wed\u0142ug pomys\u0142\u00f3w i zainteresowa\u0144 dzieci przy niewielkim udziale nauczyciela, indywidualne wspieranie rozwoju dziecka, poranne zabawy ruchowe, rozmowy z dzie\u0107mi zgodne z tematyk\u0105 kompleksow\u0105 i zainteresowaniem dzieci; 8.00 &#8211; 8.30 &#8211; zabawy integruj\u0105ce grup\u0119, zabawy ruchowe w kole, \u0107wiczenia og\u00f3lnorozwojowe, [&hellip;]<\/p>\n","protected":false},"author":1,"featured_media":0,"parent":0,"menu_order":0,"comment_status":"closed","ping_status":"closed","template":"","meta":[],"acf":[],"_links":{"self":[{"href":"https:\/\/www.wroclawskieskauty.pl\/skauty-2\/wp-json\/wp\/v2\/pages\/78"}],"collection":[{"href":"https:\/\/www.wroclawskieskauty.pl\/skauty-2\/wp-json\/wp\/v2\/pages"}],"about":[{"href":"https:\/\/www.wroclawskieskauty.pl\/skauty-2\/wp-json\/wp\/v2\/types\/page"}],"author":[{"embeddable":true,"href":"https:\/\/www.wroclawskieskauty.pl\/skauty-2\/wp-json\/wp\/v2\/users\/1"}],"replies":[{"embeddable":true,"href":"https:\/\/www.wroclawskieskauty.pl\/skauty-2\/wp-json\/wp\/v2\/comments?post=78"}],"version-history":[{"count":4,"href":"https:\/\/www.wroclawskieskauty.pl\/skauty-2\/wp-json\/wp\/v2\/pages\/78\/revisions"}],"predecessor-version":[{"id":294,"href":"https:\/\/www.wroclawskieskauty.pl\/skauty-2\/wp-json\/wp\/v2\/pages\/78\/revisions\/294"}],"wp:attachment":[{"href":"https:\/\/www.wroclawskieskauty.pl\/skauty-2\/wp-json\/wp\/v2\/media?parent=78"}],"curies":[{"name":"wp","href":"https:\/\/api.w.org\/{rel}","templated":true}]}}