{"id":80,"date":"2022-07-21T13:13:51","date_gmt":"2022-07-21T11:13:51","guid":{"rendered":"http:\/\/localhost\/skauty_1\/?page_id=80"},"modified":"2026-02-12T09:26:32","modified_gmt":"2026-02-12T08:26:32","slug":"oferta-zajec","status":"publish","type":"page","link":"https:\/\/www.wroclawskieskauty.pl\/skauty-2\/oferta-zajec\/","title":{"rendered":"Oferta zaj\u0119\u0107"},"content":{"rendered":"<p>[vc_row][vc_column width=&#8221;1\/2&#8243; cms_title_size=&#8221;h2&#8243;][vc_column_text]<span style=\"color: #6f4792; font-size: 21px; line-height: 31px; font-weight: bold;\">DZIE\u0143 WROC\u0141AWSKICH SKAUT\u00d3W<br \/>\n<\/span>[\/vc_column_text][vc_empty_space height=&#8221;36px&#8221;][vc_column_text]<\/p>\n<div id=\"comp-jh0c0l9t\" class=\"txtNew\" data-packed=\"false\" data-min-height=\"543\">\n<p class=\"font_7\">W naszym przedszkolu ka\u017cdego dnia dbamy o to, by<br \/>\nWroc\u0142awskie Skauty rozwija\u0142y si\u0119, uczy\u0142y i poznawa\u0142y<br \/>\nnowe poj\u0119cia. Przygotowali\u015bmy nast\u0119puj\u0105c\u0105 ofert\u0119 zaj\u0119\u0107:<\/p>\n<p class=\"font_7\"><span style=\"color: #ff00ff;\"><strong>Zaj\u0119cia podstawowe<br \/>\n<\/strong><\/span><\/p>\n<p>Zaj\u0119cia z j\u0119zyka angielskiego<br \/>\nZaj\u0119cia z elementami skautingu<br \/>\nZaj\u0119cia z logoped\u0105 oraz psychologiem<\/p>\n<p class=\"font_7\"><span style=\"color: #ff00ff;\"><strong>Zaj\u0119cia dodatkowe<br \/>\n<\/strong><\/span><\/p>\n<table width=\"0\">\n<tbody>\n<tr>\n<td width=\"35\">1<\/td>\n<td width=\"219\">Angielski<\/td>\n<td width=\"83\"><\/td>\n<\/tr>\n<tr>\n<td width=\"35\">2<\/td>\n<td width=\"219\">Akrobatyka<\/td>\n<td width=\"83\"><\/td>\n<\/tr>\n<tr>\n<td width=\"35\">3<\/td>\n<td width=\"219\">Dance School<\/td>\n<td width=\"83\"><\/td>\n<\/tr>\n<tr>\n<td width=\"35\">4<\/td>\n<td width=\"219\">Joga<\/td>\n<td width=\"83\"><\/td>\n<\/tr>\n<tr>\n<td width=\"35\">5<\/td>\n<td width=\"219\">Judo<\/td>\n<td width=\"83\"><\/td>\n<\/tr>\n<tr>\n<td width=\"35\">6<\/td>\n<td width=\"219\">Karate Kids<\/td>\n<td width=\"83\"><\/td>\n<\/tr>\n<tr>\n<td width=\"35\">7<\/td>\n<td width=\"219\">Laboratorium T\u0119czy<\/td>\n<td width=\"83\"><\/td>\n<\/tr>\n<tr>\n<td width=\"35\">8<\/td>\n<td width=\"219\">M\u0142ody Odkrywca<\/td>\n<td width=\"83\"><\/td>\n<\/tr>\n<tr>\n<td width=\"35\">9<\/td>\n<td width=\"219\">Przedszkoliada<\/td>\n<td width=\"83\"><\/td>\n<\/tr>\n<tr>\n<td width=\"35\">10<\/td>\n<td width=\"219\">Robotyka<\/td>\n<td width=\"83\"><\/td>\n<\/tr>\n<tr>\n<td width=\"35\">11<\/td>\n<td width=\"219\">Sensoceramika<\/td>\n<td width=\"83\"><\/td>\n<\/tr>\n<tr>\n<td width=\"35\">12<\/td>\n<td width=\"219\">Studio Ruchu &#8211; Klub Ta\u0144ca<\/td>\n<td width=\"83\"><\/td>\n<\/tr>\n<tr>\n<td width=\"35\">13<\/td>\n<td width=\"219\">Tenis<\/td>\n<td width=\"83\"><\/td>\n<\/tr>\n<\/tbody>\n<\/table>\n<p>&nbsp;<\/p>\n<\/div>\n<p>[\/vc_column_text][\/vc_column][vc_column width=&#8221;1\/2&#8243; cms_title_size=&#8221;h2&#8243; cms_counter_border_color=&#8221;&#8221; cms_counter_bg_color=&#8221;&#8221;][vc_single_image image=&#8221;211&#8243; img_size=&#8221;large&#8221;][vc_empty_space height=&#8221;50px&#8221;][\/vc_column][\/vc_row]<\/p>\n","protected":false},"excerpt":{"rendered":"<p>[vc_row][vc_column width=&#8221;1\/2&#8243; cms_title_size=&#8221;h2&#8243;][vc_column_text]DZIE\u0143 WROC\u0141AWSKICH SKAUT\u00d3W [\/vc_column_text][vc_empty_space height=&#8221;36px&#8221;][vc_column_text] W naszym przedszkolu ka\u017cdego dnia dbamy o to, by Wroc\u0142awskie Skauty rozwija\u0142y si\u0119, uczy\u0142y i poznawa\u0142y nowe poj\u0119cia. Przygotowali\u015bmy nast\u0119puj\u0105c\u0105 ofert\u0119 zaj\u0119\u0107: Zaj\u0119cia podstawowe Zaj\u0119cia z j\u0119zyka angielskiego Zaj\u0119cia z elementami skautingu Zaj\u0119cia z logoped\u0105 oraz psychologiem Zaj\u0119cia dodatkowe 1 Angielski 2 Akrobatyka 3 Dance School 4 Joga [&hellip;]<\/p>\n","protected":false},"author":1,"featured_media":0,"parent":0,"menu_order":0,"comment_status":"closed","ping_status":"closed","template":"","meta":[],"acf":[],"_links":{"self":[{"href":"https:\/\/www.wroclawskieskauty.pl\/skauty-2\/wp-json\/wp\/v2\/pages\/80"}],"collection":[{"href":"https:\/\/www.wroclawskieskauty.pl\/skauty-2\/wp-json\/wp\/v2\/pages"}],"about":[{"href":"https:\/\/www.wroclawskieskauty.pl\/skauty-2\/wp-json\/wp\/v2\/types\/page"}],"author":[{"embeddable":true,"href":"https:\/\/www.wroclawskieskauty.pl\/skauty-2\/wp-json\/wp\/v2\/users\/1"}],"replies":[{"embeddable":true,"href":"https:\/\/www.wroclawskieskauty.pl\/skauty-2\/wp-json\/wp\/v2\/comments?post=80"}],"version-history":[{"count":6,"href":"https:\/\/www.wroclawskieskauty.pl\/skauty-2\/wp-json\/wp\/v2\/pages\/80\/revisions"}],"predecessor-version":[{"id":768,"href":"https:\/\/www.wroclawskieskauty.pl\/skauty-2\/wp-json\/wp\/v2\/pages\/80\/revisions\/768"}],"wp:attachment":[{"href":"https:\/\/www.wroclawskieskauty.pl\/skauty-2\/wp-json\/wp\/v2\/media?parent=80"}],"curies":[{"name":"wp","href":"https:\/\/api.w.org\/{rel}","templated":true}]}}