{"id":82,"date":"2022-07-21T13:14:15","date_gmt":"2022-07-21T11:14:15","guid":{"rendered":"http:\/\/localhost\/skauty_1\/?page_id=82"},"modified":"2026-02-27T12:53:33","modified_gmt":"2026-02-27T11:53:33","slug":"dokumenty","status":"publish","type":"page","link":"https:\/\/www.wroclawskieskauty.pl\/skauty-2\/dokumenty\/","title":{"rendered":"Dokumenty"},"content":{"rendered":"<p>[vc_row css=&#8221;.vc_custom_1431004352980{padding-top: 80px !important;padding-bottom: 80px !important;}&#8221;][vc_column width=&#8221;1\/2&#8243; cms_title_size=&#8221;h2&#8243;][vc_column_text]<\/p>\n<p class=\"font_7\"><strong><span class=\"color_15\">STATUT &#8211; <a href=\"https:\/\/www.wroclawskieskauty.pl\/skauty-2\/wp-content\/uploads\/2025\/10\/S_WS2.pdf\">Pobierz<\/a><\/span> <\/strong><\/p>\n<p>&nbsp;<\/p>\n<p><strong>Regulamin przyprowadzania i odprowadzania dzieci &#8211; <a href=\"https:\/\/www.wroclawskieskauty.pl\/skauty-2\/wp-content\/uploads\/2024\/09\/Regulamin-przyprowadzania-i-odbierania-dzieci.pdf\">Pobierz<\/a><\/strong><\/p>\n<p><strong>Za\u0142\u0105cznik nr 1 &#8211; Upowa\u017cnienia wielokrotne &#8211; <a href=\"https:\/\/www.wroclawskieskauty.pl\/skauty-2\/wp-content\/uploads\/2024\/09\/zal.-1-Upowaznienie-wielokrotne.pdf\">Pobierz<\/a><\/strong><\/p>\n<p><strong>Za\u0142\u0105cznik nr 2 &#8211; Lista os\u00f3b upowa\u017cnionych &#8211; <a href=\"https:\/\/www.wroclawskieskauty.pl\/skauty-2\/wp-content\/uploads\/2024\/09\/zal.-2-Lista-osob-upowaznionych.pdf\">Pobierz<\/a><\/strong><\/p>\n<p><strong>Za\u0142\u0105cznik nr 3 &#8211; Upowa\u017cnienie jednorazowe &#8211; <a href=\"https:\/\/www.wroclawskieskauty.pl\/skauty-2\/wp-content\/uploads\/2024\/09\/zal.-3-Upowaznienie-jednorazowe.pdf\">Pobierz<\/a><\/strong><\/p>\n<p><strong>Za\u0142\u0105cznik nr 4 &#8211; Upowa\u017cnienie osoby niepe\u0142noletniej &#8211; <a href=\"https:\/\/www.wroclawskieskauty.pl\/skauty-2\/wp-content\/uploads\/2024\/09\/zal.-4-Upowaznienie-niepelnoletni.pdf\">Pobierz<\/a><br \/>\n<\/strong><\/p>\n<p><strong>Za\u0142\u0105cznik nr 5 &#8211; Notatka dot. odbioru dziecka po godzinach<\/strong> &#8211;<strong> <a href=\"https:\/\/www.wroclawskieskauty.pl\/skauty-2\/wp-content\/uploads\/2024\/09\/zal.-5-Odbior-dziecka-po-godzinach-pracy-przedszkola.pdf\">Pobierz<\/a><\/strong><\/p>\n<p>&nbsp;<\/p>\n<p><strong>Procedury bezpiecznego pobytu dziecka &#8211; <a href=\"https:\/\/www.wroclawskieskauty.pl\/skauty-2\/wp-content\/uploads\/2026\/02\/Procedury-Bezpiecznego-Pobytu-Dziecka-1.pdf\">Pobierz<\/a><\/strong><\/p>\n<p>&nbsp;<\/p>\n<p><strong>Standardy ochrony ma\u0142oletnich &#8211; <a href=\"https:\/\/www.wroclawskieskauty.pl\/skauty-2\/wp-content\/uploads\/2024\/09\/Standardy-Ochrony-Maloletnich.pdf\">Pobierz<\/a><\/strong><\/p>\n<p>&nbsp;<\/p>\n<p><strong>Regulamin monitoringu wizyjnego &#8211; <a href=\"https:\/\/www.wroclawskieskauty.pl\/skauty-2\/wp-content\/uploads\/2024\/09\/Regulamin-monitoringu-wizyjnego.pdf\">Pobierz<\/a><\/strong><\/p>\n<p>&nbsp;<\/p>\n<p><strong>Procedury bezpiecze\u0144stwa w Publicznym Przedszkolu \u201eWroc\u0142awskie Skauty II\u201d we Wroc\u0142awiu w okresie stanu epidemicznego COVID \u2013 19 \u2013 <a href=\"https:\/\/www.wroclawskieskauty.pl\/skauty-2\/wp-content\/uploads\/2022\/12\/Nowe-procedury-Covid-WS2.pdf\">pobierz<\/a><\/strong><\/p>\n<p><strong>Za\u0142\u0105cznik nr 1 mycie r\u0105k- <a href=\"https:\/\/www.wroclawskieskauty.pl\/skauty-2\/wp-content\/uploads\/2022\/12\/Mycie-rak.pdf\">pobierz<\/a><\/strong><\/p>\n<p><strong>Za\u0142\u0105cznik nr 2 dezynfekcja \u2013 <a href=\"https:\/\/www.wroclawskieskauty.pl\/skauty-2\/wp-content\/uploads\/2022\/12\/Dezynfekcja.pdf\">pobierz<\/a><\/strong><\/p>\n<p><strong>Za\u0142\u0105cznik nr 3 zdejmowanie r\u0119kawiczek \u2013 <a href=\"https:\/\/www.wroclawskieskauty.pl\/skauty-2\/wp-content\/uploads\/2022\/12\/Zdejmowanie-rekawiczek.pdf\">pobierz<\/a><\/strong>[\/vc_column_text][vc_empty_space height=&#8221;36px&#8221;][\/vc_column][vc_column width=&#8221;1\/2&#8243; cms_title_size=&#8221;h2&#8243; cms_counter_border_color=&#8221;&#8221; cms_counter_bg_color=&#8221;&#8221;][vc_images_carousel images=&#8221;221,220,116&#8243; img_size=&#8221;480&#215;360&#8243; autoplay=&#8221;yes&#8221; wrap=&#8221;yes&#8221;][\/vc_column][\/vc_row][vc_row full_width=&#8221;stretch_row&#8221; row_color=&#8221;#ffffff&#8221; bg_style=&#8221;bg-effect-lg&#8221; css=&#8221;.vc_custom_1530046395857{padding-top: 20px !important;padding-bottom: 55px !important;background: #32b3cd url(http:\/\/dev.joomexp.com\/wordpress\/wp-kindergarten\/wp-content\/uploads\/2015\/04\/bg-vector.png?id=30) !important;background-position: center !important;background-repeat: no-repeat !important;background-size: cover !important;}&#8221;][\/vc_row]<\/p>\n","protected":false},"excerpt":{"rendered":"<p>[vc_row css=&#8221;.vc_custom_1431004352980{padding-top: 80px !important;padding-bottom: 80px !important;}&#8221;][vc_column width=&#8221;1\/2&#8243; cms_title_size=&#8221;h2&#8243;][vc_column_text] STATUT &#8211; Pobierz &nbsp; Regulamin przyprowadzania i odprowadzania dzieci &#8211; Pobierz Za\u0142\u0105cznik nr 1 &#8211; Upowa\u017cnienia wielokrotne &#8211; Pobierz Za\u0142\u0105cznik nr 2 &#8211; Lista os\u00f3b upowa\u017cnionych &#8211; Pobierz Za\u0142\u0105cznik nr 3 &#8211; Upowa\u017cnienie jednorazowe &#8211; Pobierz Za\u0142\u0105cznik nr 4 &#8211; Upowa\u017cnienie osoby niepe\u0142noletniej &#8211; Pobierz Za\u0142\u0105cznik nr [&hellip;]<\/p>\n","protected":false},"author":1,"featured_media":0,"parent":0,"menu_order":0,"comment_status":"closed","ping_status":"closed","template":"","meta":[],"acf":[],"_links":{"self":[{"href":"https:\/\/www.wroclawskieskauty.pl\/skauty-2\/wp-json\/wp\/v2\/pages\/82"}],"collection":[{"href":"https:\/\/www.wroclawskieskauty.pl\/skauty-2\/wp-json\/wp\/v2\/pages"}],"about":[{"href":"https:\/\/www.wroclawskieskauty.pl\/skauty-2\/wp-json\/wp\/v2\/types\/page"}],"author":[{"embeddable":true,"href":"https:\/\/www.wroclawskieskauty.pl\/skauty-2\/wp-json\/wp\/v2\/users\/1"}],"replies":[{"embeddable":true,"href":"https:\/\/www.wroclawskieskauty.pl\/skauty-2\/wp-json\/wp\/v2\/comments?post=82"}],"version-history":[{"count":11,"href":"https:\/\/www.wroclawskieskauty.pl\/skauty-2\/wp-json\/wp\/v2\/pages\/82\/revisions"}],"predecessor-version":[{"id":771,"href":"https:\/\/www.wroclawskieskauty.pl\/skauty-2\/wp-json\/wp\/v2\/pages\/82\/revisions\/771"}],"wp:attachment":[{"href":"https:\/\/www.wroclawskieskauty.pl\/skauty-2\/wp-json\/wp\/v2\/media?parent=82"}],"curies":[{"name":"wp","href":"https:\/\/api.w.org\/{rel}","templated":true}]}}