{"id":88,"date":"2022-07-21T13:15:11","date_gmt":"2022-07-21T11:15:11","guid":{"rendered":"http:\/\/localhost\/skauty_1\/?page_id=88"},"modified":"2022-07-25T15:53:42","modified_gmt":"2022-07-25T13:53:42","slug":"rada-rodzicow","status":"publish","type":"page","link":"https:\/\/www.wroclawskieskauty.pl\/skauty-2\/rada-rodzicow\/","title":{"rendered":"Rada Rodzic\u00f3w"},"content":{"rendered":"<p>[vc_row][vc_column][vc_column_text]<\/p>\n<h4 style=\"text-align: left;\">Szanowni Rodzice,<\/h4>\n<h4 style=\"text-align: left;\">Zach\u0119camy do wp\u0142acania<\/h4>\n<ul style=\"text-align: left;\">\n<li><strong>sk\u0142adek na Rad\u0119 Rodzic\u00f3w<\/strong> u nauczycielek poszczeg\u00f3lnych grup wiekowych.<\/li>\n<\/ul>\n<p style=\"text-align: left;\">\u00a0\u00a0\u00a0\u00a0\u00a0\u00a0\u00a0\u00a0\u00a0 Sk\u0142adki na Rad\u0119 Rodzic\u00f3w ustalane s\u0105 osobno w ka\u017cdej grupie;<\/p>\n<ul style=\"text-align: left;\">\n<li><strong>wyprawek plastycznych <\/strong>50z\u0142<strong>. <\/strong>\/ semestr.<\/li>\n<\/ul>\n<h5 style=\"text-align: left;\">Serdecznie dzi\u0119kujemy za Pa\u0144stwa wp\u0142aty!<\/h5>\n<p>[\/vc_column_text][\/vc_column][\/vc_row]<\/p>\n","protected":false},"excerpt":{"rendered":"<p>[vc_row][vc_column][vc_column_text] Szanowni Rodzice, Zach\u0119camy do wp\u0142acania sk\u0142adek na Rad\u0119 Rodzic\u00f3w u nauczycielek poszczeg\u00f3lnych grup wiekowych. \u00a0\u00a0\u00a0\u00a0\u00a0\u00a0\u00a0\u00a0\u00a0 Sk\u0142adki na Rad\u0119 Rodzic\u00f3w ustalane s\u0105 osobno w ka\u017cdej grupie; wyprawek plastycznych 50z\u0142. \/ semestr. Serdecznie dzi\u0119kujemy za Pa\u0144stwa wp\u0142aty! [\/vc_column_text][\/vc_column][\/vc_row]<\/p>\n","protected":false},"author":1,"featured_media":0,"parent":0,"menu_order":0,"comment_status":"closed","ping_status":"closed","template":"","meta":[],"acf":[],"_links":{"self":[{"href":"https:\/\/www.wroclawskieskauty.pl\/skauty-2\/wp-json\/wp\/v2\/pages\/88"}],"collection":[{"href":"https:\/\/www.wroclawskieskauty.pl\/skauty-2\/wp-json\/wp\/v2\/pages"}],"about":[{"href":"https:\/\/www.wroclawskieskauty.pl\/skauty-2\/wp-json\/wp\/v2\/types\/page"}],"author":[{"embeddable":true,"href":"https:\/\/www.wroclawskieskauty.pl\/skauty-2\/wp-json\/wp\/v2\/users\/1"}],"replies":[{"embeddable":true,"href":"https:\/\/www.wroclawskieskauty.pl\/skauty-2\/wp-json\/wp\/v2\/comments?post=88"}],"version-history":[{"count":2,"href":"https:\/\/www.wroclawskieskauty.pl\/skauty-2\/wp-json\/wp\/v2\/pages\/88\/revisions"}],"predecessor-version":[{"id":224,"href":"https:\/\/www.wroclawskieskauty.pl\/skauty-2\/wp-json\/wp\/v2\/pages\/88\/revisions\/224"}],"wp:attachment":[{"href":"https:\/\/www.wroclawskieskauty.pl\/skauty-2\/wp-json\/wp\/v2\/media?parent=88"}],"curies":[{"name":"wp","href":"https:\/\/api.w.org\/{rel}","templated":true}]}}