{"id":42,"date":"2022-07-18T23:23:38","date_gmt":"2022-07-18T21:23:38","guid":{"rendered":"http:\/\/localhost\/skauty_1\/?page_id=42"},"modified":"2026-01-30T12:35:19","modified_gmt":"2026-01-30T11:35:19","slug":"kontakt","status":"publish","type":"page","link":"https:\/\/www.wroclawskieskauty.pl\/skauty-4\/kontakt\/","title":{"rendered":"Kontakt"},"content":{"rendered":"<p>[vc_row][vc_column width=&#8221;1\/3&#8243;][vc_column_text]<\/p>\n<h3 class=\"title\">Przedszkole Publiczne Wroc\u0142awskie Skauty IV<\/h3>\n<p>[\/vc_column_text][vc_row_inner][vc_column_inner][vc_column_text]<i class=\"fa-solid fa-location-pin\"><\/i> ul. Radkowska 26, 50-537 Wroc\u0142aw<\/p>\n<p><i class=\"fa-solid fa-phone\"><\/i>\u00a0<a href=\"tel:533 841 455\">533 841 455<\/a><\/p>\n<p><i class=\"fa-solid fa-envelope\"><\/i><a href=\"mailto:biuro4@wroclawskieskauty.pl\">\u00a0biuro4@wroclawskieskauty.pl<\/a><\/p>\n<p><i class=\"fa-brands fa-facebook-f\"><\/i><a href=\"https:\/\/www.facebook.com\/wroclawskieskauty\/\">\u00a0facebook.com\/wroclawskieskauty\/<\/a>[\/vc_column_text][vc_column_text]<\/p>\n<h3><strong>SEKRETARIAT PRZEDSZKOLA CZYNNY:<\/strong><\/h3>\n<p><strong>PONIEDZIA\u0141EK:<\/strong> 8:00-15:00<\/p>\n<p><strong>WTOREK:<\/strong> 8:00-15:00<\/p>\n<p><strong>\u015aRODA:<\/strong> PRACE ADMINISTRACYJNE &#8211; ZAMKNIETE<\/p>\n<p><strong>CZWARTEK:<\/strong> 8:00-15:00<\/p>\n<p><strong>PI\u0104TEK:<\/strong> PRACE ADMINISTRACYJNE &#8211; ZAMKNI\u0118TE<\/p>\n<h3><strong>DYREKTOR PRZEDSZKOLA PRZYJMUJE:<\/strong><\/h3>\n<p><b>W GODZINACH PRACY SEKRETARIATU<\/b><\/p>\n<p><em>SPOTKANIA UMAWIAMY WCZE\u015aNIEJ PRZEZ SEKRETARIAT &#8211; PROSIMY O WSKAZANIE TEMATU ROZMOWY.<\/em>[\/vc_column_text][\/vc_column_inner][\/vc_row_inner][\/vc_column][vc_column width=&#8221;2\/3&#8243;][vc_gmaps link=&#8221;#E-8_JTNDaWZyYW1lJTIwc3JjJTNEJTIyaHR0cHMlM0ElMkYlMkZ3d3cuZ29vZ2xlLmNvbSUyRm1hcHMlMkZlbWJlZCUzRnBiJTNEJTIxMW0xOCUyMTFtMTIlMjExbTMlMjExZDQ0NjYuODQ5OTQ5OTY2MDU4JTIxMmQxNy4wNDAzMjAzMDg1Nzk2MjQlMjEzZDUxLjA3Mjc1MjU0OTM1MTY5JTIxMm0zJTIxMWYwJTIxMmYwJTIxM2YwJTIxM20yJTIxMWkxMDI0JTIxMmk3NjglMjE0ZjEzLjElMjEzbTMlMjExbTIlMjExczB4NDcwZmMzNmRmZjM1ODhlNyUyNTNBMHg4ZWY1ZThjN2RkYTM4ZWQwJTIxMnNQcnplZHN6a29sZSUyNTIwUHVibGljem5lJTI1MjBXcm9jJTI1QzUlMjU4MmF3c2tpZSUyNTIwU2thdXR5JTI1MjBJViUyMTVlMCUyMTNtMiUyMTFzcGwlMjEyc3BsJTIxNHYxNjY2NjQ0ODUwNTQ5JTIxNW0yJTIxMXNwbCUyMTJzcGwlMjIlMjB3aWR0aCUzRCUyMjEwMCUyNSUyMiUyMGhlaWdodCUzRCUyMjQ1MCUyMiUyMHN0eWxlJTNEJTIyYm9yZGVyJTNBMCUzQiUyMiUyMGFsbG93ZnVsbHNjcmVlbiUzRCUyMiUyMiUyMGxvYWRpbmclM0QlMjJsYXp5JTIyJTIwcmVmZXJyZXJwb2xpY3klM0QlMjJuby1yZWZlcnJlci13aGVuLWRvd25ncmFkZSUyMiUzRSUzQyUyRmlmcmFtZSUzRQ==&#8221; size=&#8221;450px&#8221;][\/vc_column][\/vc_row]<\/p>\n","protected":false},"excerpt":{"rendered":"<p>[vc_row][vc_column width=&#8221;1\/3&#8243;][vc_column_text] Przedszkole Publiczne Wroc\u0142awskie Skauty IV [\/vc_column_text][vc_row_inner][vc_column_inner][vc_column_text] ul. Radkowska 26, 50-537 Wroc\u0142aw \u00a0533 841 455 \u00a0biuro4@wroclawskieskauty.pl \u00a0facebook.com\/wroclawskieskauty\/[\/vc_column_text][vc_column_text] SEKRETARIAT PRZEDSZKOLA CZYNNY: PONIEDZIA\u0141EK: 8:00-15:00 WTOREK: 8:00-15:00 \u015aRODA: PRACE ADMINISTRACYJNE &#8211; ZAMKNIETE CZWARTEK: 8:00-15:00 PI\u0104TEK: PRACE ADMINISTRACYJNE &#8211; ZAMKNI\u0118TE DYREKTOR PRZEDSZKOLA PRZYJMUJE: W GODZINACH PRACY SEKRETARIATU SPOTKANIA UMAWIAMY WCZE\u015aNIEJ PRZEZ SEKRETARIAT &#8211; PROSIMY O WSKAZANIE TEMATU ROZMOWY.[\/vc_column_text][\/vc_column_inner][\/vc_row_inner][\/vc_column][vc_column [&hellip;]<\/p>\n","protected":false},"author":1,"featured_media":0,"parent":0,"menu_order":0,"comment_status":"closed","ping_status":"closed","template":"","meta":[],"acf":[],"_links":{"self":[{"href":"https:\/\/www.wroclawskieskauty.pl\/skauty-4\/wp-json\/wp\/v2\/pages\/42"}],"collection":[{"href":"https:\/\/www.wroclawskieskauty.pl\/skauty-4\/wp-json\/wp\/v2\/pages"}],"about":[{"href":"https:\/\/www.wroclawskieskauty.pl\/skauty-4\/wp-json\/wp\/v2\/types\/page"}],"author":[{"embeddable":true,"href":"https:\/\/www.wroclawskieskauty.pl\/skauty-4\/wp-json\/wp\/v2\/users\/1"}],"replies":[{"embeddable":true,"href":"https:\/\/www.wroclawskieskauty.pl\/skauty-4\/wp-json\/wp\/v2\/comments?post=42"}],"version-history":[{"count":36,"href":"https:\/\/www.wroclawskieskauty.pl\/skauty-4\/wp-json\/wp\/v2\/pages\/42\/revisions"}],"predecessor-version":[{"id":1513,"href":"https:\/\/www.wroclawskieskauty.pl\/skauty-4\/wp-json\/wp\/v2\/pages\/42\/revisions\/1513"}],"wp:attachment":[{"href":"https:\/\/www.wroclawskieskauty.pl\/skauty-4\/wp-json\/wp\/v2\/media?parent=42"}],"curies":[{"name":"wp","href":"https:\/\/api.w.org\/{rel}","templated":true}]}}