{"id":49,"date":"2022-07-19T08:15:41","date_gmt":"2022-07-19T06:15:41","guid":{"rendered":"http:\/\/localhost\/skauty_1\/?page_id=49"},"modified":"2022-07-22T16:34:45","modified_gmt":"2022-07-22T14:34:45","slug":"dlaczego-skauting","status":"publish","type":"page","link":"https:\/\/www.wroclawskieskauty.pl\/skauty-4\/dlaczego-skauting\/","title":{"rendered":"Dlaczego Skauting"},"content":{"rendered":"<p>[vc_row css=&#8221;.vc_custom_1658405156120{padding-top: 0px !important;padding-bottom: 0px !important;}&#8221;][vc_column width=&#8221;1\/2&#8243; cms_title_size=&#8221;h2&#8243;][vc_column_text]<span style=\"color: #6f4792; font-size: 21px; line-height: 31px; font-weight: bold;\">Skaut to nie tylko osoba zrzeszona w\u00a0organizacji\u00a0harcerskiej, to r\u00f3wnie\u017c popularne okre\u015blenie osoby zaradnej, przebojowej &#8211; &#8222;ale\u00a0z niego sprytny skaut!&#8221;.<\/span><\/p>\n<p><span style=\"color: #6f4792; font-size: 21px; line-height: 31px; font-weight: bold;\">Skauci s\u0105 bardzo pozytywnie odbierani w wielu grupach spo\u0142ecznych \u2013 to kto\u015b, kto umie rozpali\u0107 ognisko jedn\u0105 zapa\u0142k\u0105, zagra\u0107 zestaw przeboj\u00f3w na gitarze, zbudowa\u0107 pomost, ale r\u00f3wnie\u017c sprawnie radzi sobie w codziennej, nie-obozowej rzeczywisto\u015bci. <\/span>[\/vc_column_text][vc_empty_space height=&#8221;36px&#8221;][vc_column_text]<span style=\"color: #ff0000;\"><strong>To kto\u015b odwa\u017cny, kto rozwi\u0105zuje problemy nieszablonowo, umie znale\u017a\u0107 si\u0119 w ka\u017cdej sytuacji, ceni partnerstwo i m\u0105dre rozwi\u0105zania.<\/strong><\/span><\/p>\n<p>To przebojowa, zaradna osoba, kt\u00f3ra ma wielu przyjaci\u00f3\u0142 i sprzymierze\u0144c\u00f3w.<\/p>\n<p><span class=\"color_25\">A przecie\u017c\u2026 ka\u017cdy zuch\u00a0by\u0142 kiedy\u015b przedszkolakiem!\u00a0 Dlatego &#8211; zaczynamy od bardzo wa\u017cnych podstaw!<\/span><\/p>\n<p>Zapraszamy dzieci i Rodziny w podr\u00f3\u017c do \u015bwiata skaut\u00f3w. B\u0119dziemy biwakowa\u0107, radzi\u0107 sobie z niespodziankami pogodowymi, uczy\u0107 si\u0119, jak zdobywa\u0107 Przyjaci\u00f3\u0142 oraz poznawa\u0107, dlaczego\u00a0otaczaj\u0105cy nas \u015bwiat jest taaaaki ciekawy?!<\/p>\n<p>W naszej pracy stosujemy elementy znane z metodyki zuchowej, wspomagaj\u0105ce prawid\u0142owy rozw\u00f3j dzieci: systemy nagradzania i motywowania, prac\u0119 w grupach, rozwijanie zainteresowa\u0144 indywidualnych, trosk\u0119 o Przyjaci\u00f3\u0142 z Dru\u017cyny. Uczymy poprzez zabaw\u0119, pl\u0105sy, piosenki. Pokazujemy ca\u0142y \u015bwiat w miniaturze. Mamy swoje sekretne rytua\u0142y, kt\u00f3re mo\u017cemy wprowadza\u0107 r\u00f3wnie\u017c w domach rodzinnych (spos\u00f3b powitania, odznaki za sprz\u0105tanie pokoju, okrzyki odganiaj\u0105ce smutki).<\/p>\n<p>Mapy, lornetki, namioty, \u015bpiwory, zabawki edukacyjne, podchody, spotkania z harcerzami, ogniska i prawdziwe biwakowanie &#8211; oto, co na nas czeka we Wroc\u0142awskich Skautach!<\/p>\n<p>Wasze dziecko jest bardzo nie\u015bmia\u0142e, obawiacie si\u0119, czy to jest przedszkole dla Jego osobowo\u015bci? Ale\u017c tak! Skauting uczy wielu cennych postaw w \u017cyciu: tolerancji, opieki, podawania r\u0119ki, ale przede wszystkim &#8211; szukania SWOJEGO miejsca w \u017cyciu.<\/p>\n<p>Czy\u017c to nie pi\u0119kne, ze ka\u017cde dziecko jest inne? Razem tworz\u0105 wspania\u0142e, zgrane dru\u017cyny![\/vc_column_text][\/vc_column][vc_column width=&#8221;1\/2&#8243; cms_title_size=&#8221;h2&#8243; cms_counter_border_color=&#8221;&#8221; cms_counter_bg_color=&#8221;&#8221;][vc_single_image image=&#8221;59&#8243; img_size=&#8221;480&#215;600&#8243; alignment=&#8221;center&#8221;][vc_empty_space height=&#8221;36px&#8221;][vc_single_image image=&#8221;61&#8243; img_size=&#8221;480&#215;360&#8243; alignment=&#8221;center&#8221;][\/vc_column][\/vc_row][vc_row full_width=&#8221;stretch_row&#8221; row_color=&#8221;#ffffff&#8221; bg_style=&#8221;bg-effect-lg&#8221; css=&#8221;.vc_custom_1658405078353{background: #ffffff url(http:\/\/dev.joomexp.com\/wordpress\/wp-kindergarten\/wp-content\/uploads\/2015\/04\/bg-vector.png?id=30) !important;background-position: center !important;background-repeat: no-repeat !important;background-size: cover !important;}&#8221;][vc_column width=&#8221;1\/3&#8243;][vc_single_image image=&#8221;106&#8243; alignment=&#8221;center&#8221;][\/vc_column][vc_column width=&#8221;1\/3&#8243;][vc_single_image image=&#8221;107&#8243; alignment=&#8221;center&#8221;][\/vc_column][vc_column width=&#8221;1\/3&#8243;][vc_single_image image=&#8221;108&#8243; alignment=&#8221;center&#8221;][\/vc_column][\/vc_row]<\/p>\n","protected":false},"excerpt":{"rendered":"<p>[vc_row css=&#8221;.vc_custom_1658405156120{padding-top: 0px !important;padding-bottom: 0px !important;}&#8221;][vc_column width=&#8221;1\/2&#8243; cms_title_size=&#8221;h2&#8243;][vc_column_text]Skaut to nie tylko osoba zrzeszona w\u00a0organizacji\u00a0harcerskiej, to r\u00f3wnie\u017c popularne okre\u015blenie osoby zaradnej, przebojowej &#8211; &#8222;ale\u00a0z niego sprytny skaut!&#8221;. Skauci s\u0105 bardzo pozytywnie odbierani w wielu grupach spo\u0142ecznych \u2013 to kto\u015b, kto umie rozpali\u0107 ognisko jedn\u0105 zapa\u0142k\u0105, zagra\u0107 zestaw przeboj\u00f3w na gitarze, zbudowa\u0107 pomost, ale r\u00f3wnie\u017c sprawnie radzi [&hellip;]<\/p>\n","protected":false},"author":1,"featured_media":0,"parent":0,"menu_order":0,"comment_status":"closed","ping_status":"closed","template":"","meta":[],"acf":[],"_links":{"self":[{"href":"https:\/\/www.wroclawskieskauty.pl\/skauty-4\/wp-json\/wp\/v2\/pages\/49"}],"collection":[{"href":"https:\/\/www.wroclawskieskauty.pl\/skauty-4\/wp-json\/wp\/v2\/pages"}],"about":[{"href":"https:\/\/www.wroclawskieskauty.pl\/skauty-4\/wp-json\/wp\/v2\/types\/page"}],"author":[{"embeddable":true,"href":"https:\/\/www.wroclawskieskauty.pl\/skauty-4\/wp-json\/wp\/v2\/users\/1"}],"replies":[{"embeddable":true,"href":"https:\/\/www.wroclawskieskauty.pl\/skauty-4\/wp-json\/wp\/v2\/comments?post=49"}],"version-history":[{"count":18,"href":"https:\/\/www.wroclawskieskauty.pl\/skauty-4\/wp-json\/wp\/v2\/pages\/49\/revisions"}],"predecessor-version":[{"id":292,"href":"https:\/\/www.wroclawskieskauty.pl\/skauty-4\/wp-json\/wp\/v2\/pages\/49\/revisions\/292"}],"wp:attachment":[{"href":"https:\/\/www.wroclawskieskauty.pl\/skauty-4\/wp-json\/wp\/v2\/media?parent=49"}],"curies":[{"name":"wp","href":"https:\/\/api.w.org\/{rel}","templated":true}]}}