{"id":90,"date":"2022-07-21T13:15:27","date_gmt":"2022-07-21T11:15:27","guid":{"rendered":"http:\/\/localhost\/skauty_1\/?page_id=90"},"modified":"2025-02-26T15:05:26","modified_gmt":"2025-02-26T14:05:26","slug":"nasze-projekty","status":"publish","type":"page","link":"https:\/\/www.wroclawskieskauty.pl\/skauty-4\/nasze-projekty\/","title":{"rendered":"Nasze projekty"},"content":{"rendered":"<p>[vc_row][vc_column cms_title_size=&#8221;h2&#8243;][vc_column_text]<\/p>\n<h3><strong>Projekty i akcje realizowane w naszym przedszkolu<\/strong><\/h3>\n<p>&nbsp;<\/p>\n<p><em><strong>1. &#8222;Zuch przedszkolak&#8221;<\/strong><\/em><\/p>\n<p>Naczelnym celem projektu jest wykorzystanie element\u00f3w metodyki zuchowej w rozwijaniu samodzielno\u015bci i zaradno\u015bci dzieci orz przyswajaniu norm i zachowa\u0144 spo\u0142ecznych. Budowanie poczucia przynale\u017cno\u015bci do grupy r\u00f3wie\u015bniczej, zdobywanie nowych umiej\u0119tno\u015bci oraz wiedzy przez zabaw\u0119 &#8222;w co\u015b, w kogo\u015b&#8221;. Uwra\u017cliwienie na pi\u0119kno przyrody, praca w grupach.<\/p>\n<p><img decoding=\"async\" loading=\"lazy\" class=\"alignnone wp-image-370\" src=\"https:\/\/www.wroclawskieskauty.pl\/skauty-4\/wp-content\/uploads\/2023\/01\/Kopia-Bohater-tygodnia-300x300.png\" alt=\"\" width=\"220\" height=\"220\" srcset=\"https:\/\/www.wroclawskieskauty.pl\/skauty-4\/wp-content\/uploads\/2023\/01\/Kopia-Bohater-tygodnia-300x300.png 300w, https:\/\/www.wroclawskieskauty.pl\/skauty-4\/wp-content\/uploads\/2023\/01\/Kopia-Bohater-tygodnia-150x150.png 150w, https:\/\/www.wroclawskieskauty.pl\/skauty-4\/wp-content\/uploads\/2023\/01\/Kopia-Bohater-tygodnia.png 500w\" sizes=\"(max-width: 220px) 100vw, 220px\" \/><\/p>\n<p><strong><em>2. <u>\u201eZ Kici\u0105 Koci\u0105 maluchy zmieniaj a si\u0119 w zuchy\u201d<\/u><\/em><\/strong><\/p>\n<p>Projekt realizowany w 3 latkach &#8211; celem projektu jest propagowanie czytelnictwa w\u015br\u00f3d najm\u0142odszych przedszkolak\u00f3w, \u0142agodna adaptacja do warunk\u00f3w przedszkolnych poprzez uto\u017csamianie si\u0119 z bohaterami ksi\u0105\u017ckowymi oraz rozwijanie potencja\u0142u poznawczego dzieci. Projekt ma za zadanie u\u0142atwi\u0107 dzieciom adaptacj\u0119 do warunk\u00f3w przedszkolnych w spos\u00f3b \u0142agodny i dla nich przyjemny, zach\u0119ca\u0107 do samodzielnego si\u0119gania po literatur\u0119 dzieci\u0119c\u0105, popularyzowa\u0107 czytelnictwo w\u015br\u00f3d najm\u0142odszych. Dzi\u0119ki realizacji poszczeg\u00f3lnych zada\u0144 w oparciu o tre\u015b\u0107 wybranej ksi\u0105\u017cki, przedszkolaki b\u0119d\u0105 mia\u0142y mo\u017cliwo\u015b\u0107 poczu\u0107 si\u0119 jak bohaterowie opowiadania, prze\u017cy\u0107 podobne przygody, wczu\u0107 si\u0119 w podane sytuacje.<\/p>\n<p><a href=\"https:\/\/cloud-d.edupage.org\/cloud\/KICIA_KOCIA_III.pdf?z%3AC2xQr3HRZX0Rq531l5NnywFY3CNkL03CRcDSmWQuFOWj65HQ0jDIu9UuWoSGwpb2\">O PROJEKCIE &#8211; KLIK<\/a><\/p>\n<p><img decoding=\"async\" src=\"https:\/\/encrypted-tbn0.gstatic.com\/images?q=tbn:ANd9GcS6NYw2yjte85khjZLB_-fEfgjGE3BuAaVxwA&amp;s\" alt=\"Kicia Kocia - Z KICI\u0104 KOCI\u0104 MALUCHY ZMIENIAJ\u0104 SI\u0118 W ZUCHY... | Facebook\" \/><\/p>\n<p><strong>3. &#8222;Matematyczne zabawy ze smokiem &#8222;<\/strong><\/p>\n<p>Projekt realizowany w 4 latkach \u2013 celem projektu jest rozwijanie zainteresowa\u0144 i uzdolnie\u0144 matematycznych, zach\u0119canie dzieci do r\u00f3\u017cnorodnych dzia\u0142a\u0144 matematycznych, stwarzanie warunk\u00f3w sprzyjaj\u0105cych zdobywaniu kompetencji matematycznych w toku zabawy ale i r\u00f3wnie\u017c zapobieganie ewentualnym niepowodzeniom<br \/>\nw uczeniu si\u0119 matematyki.<\/p>\n<p><strong>4<em>. &#8222;Zabawa sztuk\u0105&#8221;<\/em><\/strong><\/p>\n<p>Projekt realizowany w 5 latkach &#8211; g\u0142\u00f3wnym celem projektu jest propagowanie sztuki w korelacji z kompetencjami kluczowymi oraz zgodnie z za\u0142o\u017ceniami pedagogiki freblowskiej. Dzieci poznaj\u0105 r\u00f3\u017cne techniki plastyczne, poznaj\u0105 dzie\u0142a oraz ich tw\u00f3rc\u00f3w. Rozwijaj\u0105 poczucie estetyki i wra\u017cliwo\u015bci na pi\u0119kno, swoj\u0105 kreatywno\u015b\u0107 i tw\u00f3rczo\u015b\u0107.<\/p>\n<p><a href=\"https:\/\/www.zabawasztuka.pl\/\">O PROJEKCIE &#8211; KLIK!<\/a><\/p>\n<p><img decoding=\"async\" loading=\"lazy\" class=\"\" src=\"https:\/\/blogger.googleusercontent.com\/img\/a\/AVvXsEgRjl6gaEF1eoHrZkVgmDl4mmVS5STLqSt5vHK7IDZys7tEFTkHYP5U1rFnTUtpuk157I0euFJdBUbVzvp1EfvC-HyX4kYI5aQWRR0ELTp2vpyrEQdOICpzADvimRxhZHnFvfL5s4f-i-ETfBeYiXQrp7cFq5ZPhUS6ojlFLFiHGlTbC93obLMqLdhDRE8=s973\" alt=\"Og\u00f3lnopolski Projekt Edukacyjny &quot;Zabawa sztuk\u0105&quot;\" width=\"692\" height=\"249\" \/><\/p>\n<p><em><strong>5. &#8222;Mi\u0119dzykulturowo\u015b\u0107&#8221;<\/strong><\/em><\/p>\n<p>Projekt realizowany w 6 latkach \u2013 celem projektu jest kszta\u0142towanie postawy szacunku dla polskiego dziedzictwa kulturowego, rozwijanie wiedzy o kulturze w\u0142asnego regionu i jej zwi\u0105zkach z kultur\u0105 narodow\u0105, zapoznanie dzieci z kultur\u0105 innych narod\u00f3w, wprowadzenie dzieci w \u015bwiat warto\u015bci uniwersalnych, takich jak dobro, przyja\u017a\u0144, r\u00f3wno\u015b\u0107, braterstwo, budzenie zaciekawienia otaczaj\u0105cym \u015bwiatem, integracja dzieci mi\u0119dzy grupami, pokonywanie barier mi\u0119dzy narodami &#8211; poznanie j\u0119zyka s\u0105siad\u00f3w, tradycji, obyczaj\u00f3w i dorobku kulturowego miast.<\/p>\n<p><img decoding=\"async\" loading=\"lazy\" class=\"\" src=\"https:\/\/www.odn.slupsk.pl\/img2\/w1140-h800-q80-p1\/files\/gallery\/1835470456\/wielo.jpg\" alt=\"Mi\u0119dzykulturowo\u015b\u0107 a Kompetencje Kluczowe \/ Formy Doskonalenia\" width=\"240\" height=\"238\" \/><\/p>\n<p><em><strong>6. &#8222;Bohater tygodnia&#8221;<\/strong><\/em><\/p>\n<p>&#8222;Bohater tygodnia&#8221; to projekt, kt\u00f3rego celem nadrz\u0119dnym jest wdra\u017canie dzieci do \u017cycia spo\u0142ecznego. Zalet\u0105 jest nabywanie wzorowych zachowa\u0144 i dawanie przyk\u0142adu poprzez obserwacj\u0119. Dzieci maj\u0105 mo\u017cliwo\u015b\u0107 przez ca\u0142y tydzie\u0144 wyr\u00f3\u017cni\u0107 si\u0119 czym\u015b szczeg\u00f3lnym. Celem jest zwr\u00f3cenie uwagi na wszystkich koleg\u00f3w i kole\u017canki oraz dostrze\u017cenie r\u00f3\u017cnorodno\u015bci grupy.<\/p>\n<p><img decoding=\"async\" loading=\"lazy\" class=\"alignnone wp-image-365\" src=\"https:\/\/www.wroclawskieskauty.pl\/skauty-4\/wp-content\/uploads\/2023\/01\/Bohater-tygodnia-300x300.png\" alt=\"\" width=\"210\" height=\"210\" srcset=\"https:\/\/www.wroclawskieskauty.pl\/skauty-4\/wp-content\/uploads\/2023\/01\/Bohater-tygodnia-300x300.png 300w, https:\/\/www.wroclawskieskauty.pl\/skauty-4\/wp-content\/uploads\/2023\/01\/Bohater-tygodnia-150x150.png 150w, https:\/\/www.wroclawskieskauty.pl\/skauty-4\/wp-content\/uploads\/2023\/01\/Bohater-tygodnia.png 500w\" sizes=\"(max-width: 210px) 100vw, 210px\" \/><\/p>\n<p>[\/vc_column_text][\/vc_column][\/vc_row]<\/p>\n","protected":false},"excerpt":{"rendered":"<p>[vc_row][vc_column cms_title_size=&#8221;h2&#8243;][vc_column_text] Projekty i akcje realizowane w naszym przedszkolu &nbsp; 1. &#8222;Zuch przedszkolak&#8221; Naczelnym celem projektu jest wykorzystanie element\u00f3w metodyki zuchowej w rozwijaniu samodzielno\u015bci i zaradno\u015bci dzieci orz przyswajaniu norm i zachowa\u0144 spo\u0142ecznych. Budowanie poczucia przynale\u017cno\u015bci do grupy r\u00f3wie\u015bniczej, zdobywanie nowych umiej\u0119tno\u015bci oraz wiedzy przez zabaw\u0119 &#8222;w co\u015b, w kogo\u015b&#8221;. Uwra\u017cliwienie na pi\u0119kno przyrody, praca [&hellip;]<\/p>\n","protected":false},"author":1,"featured_media":0,"parent":0,"menu_order":0,"comment_status":"closed","ping_status":"closed","template":"","meta":[],"acf":[],"_links":{"self":[{"href":"https:\/\/www.wroclawskieskauty.pl\/skauty-4\/wp-json\/wp\/v2\/pages\/90"}],"collection":[{"href":"https:\/\/www.wroclawskieskauty.pl\/skauty-4\/wp-json\/wp\/v2\/pages"}],"about":[{"href":"https:\/\/www.wroclawskieskauty.pl\/skauty-4\/wp-json\/wp\/v2\/types\/page"}],"author":[{"embeddable":true,"href":"https:\/\/www.wroclawskieskauty.pl\/skauty-4\/wp-json\/wp\/v2\/users\/1"}],"replies":[{"embeddable":true,"href":"https:\/\/www.wroclawskieskauty.pl\/skauty-4\/wp-json\/wp\/v2\/comments?post=90"}],"version-history":[{"count":16,"href":"https:\/\/www.wroclawskieskauty.pl\/skauty-4\/wp-json\/wp\/v2\/pages\/90\/revisions"}],"predecessor-version":[{"id":1118,"href":"https:\/\/www.wroclawskieskauty.pl\/skauty-4\/wp-json\/wp\/v2\/pages\/90\/revisions\/1118"}],"wp:attachment":[{"href":"https:\/\/www.wroclawskieskauty.pl\/skauty-4\/wp-json\/wp\/v2\/media?parent=90"}],"curies":[{"name":"wp","href":"https:\/\/api.w.org\/{rel}","templated":true}]}}