{"id":269,"date":"2022-10-16T15:23:20","date_gmt":"2022-10-16T13:23:20","guid":{"rendered":"https:\/\/www.wroclawskieskauty.pl\/skauty-1\/?page_id=269"},"modified":"2026-03-20T10:37:20","modified_gmt":"2026-03-20T09:37:20","slug":"dokumenty-rekrutacyjne","status":"publish","type":"page","link":"https:\/\/www.wroclawskieskauty.pl\/skauty-5\/dokumenty-rekrutacyjne\/","title":{"rendered":"Dokumenty rekrutacyjne"},"content":{"rendered":"<p>[vc_row][vc_column][vc_column_text]<\/p>\n<p><a href=\"https:\/\/www.wroclawskieskauty.pl\/skauty-5\/wp-content\/uploads\/2026\/03\/Deklaracja-rodzica-dotyczaca-czasu-pobytu-dziecka.docx\">Deklaracja rodzica dotycz\u0105ca czasu pobytu dziecka w plac\u00f3wce<\/a><\/p>\n<p><a href=\"https:\/\/www.wroclawskieskauty.pl\/skauty-5\/wp-content\/uploads\/2026\/03\/Karta-informacyjna-o-stanie-zdrowia-dzieckaR.docx\">Karta informacyjna o stanie zdrowia dziecka<\/a><\/p>\n<p><a href=\"https:\/\/www.wroclawskieskauty.pl\/skauty-5\/wp-content\/uploads\/2026\/03\/Kwestionariusz-wywiadu-dla-rodzicow.docx\">Kwestionariusz wywiadu dla rodzic\u00f3w<\/a><\/p>\n<p><a href=\"https:\/\/www.wroclawskieskauty.pl\/skauty-5\/wp-content\/uploads\/2026\/03\/OSWIADCZENIE-RODZICA-status-rodziny.docx\">O\u015bwiadczenie rodzica &#8211; status rodziny<\/a><\/p>\n<p><a href=\"https:\/\/www.wroclawskieskauty.pl\/skauty-5\/wp-content\/uploads\/2026\/03\/OSWIADCZENIE-RODZICA.docx\">O\u015bwiadczenie rodzica<\/a><\/p>\n<p><a href=\"https:\/\/www.wroclawskieskauty.pl\/skauty-5\/wp-content\/uploads\/2026\/03\/Prosba-o-przyjecie-2026_2027.docx\">Pro\u015bba o przyj\u0119cie<\/a><\/p>\n<p>[\/vc_column_text][\/vc_column][\/vc_row]<\/p>\n","protected":false},"excerpt":{"rendered":"<p>[vc_row][vc_column][vc_column_text] Deklaracja rodzica dotycz\u0105ca czasu pobytu dziecka w plac\u00f3wce Karta informacyjna o stanie zdrowia dziecka Kwestionariusz wywiadu dla rodzic\u00f3w O\u015bwiadczenie rodzica &#8211; status rodziny O\u015bwiadczenie rodzica Pro\u015bba o przyj\u0119cie [\/vc_column_text][\/vc_column][\/vc_row]<\/p>\n","protected":false},"author":1,"featured_media":0,"parent":0,"menu_order":0,"comment_status":"closed","ping_status":"closed","template":"","meta":[],"acf":[],"_links":{"self":[{"href":"https:\/\/www.wroclawskieskauty.pl\/skauty-5\/wp-json\/wp\/v2\/pages\/269"}],"collection":[{"href":"https:\/\/www.wroclawskieskauty.pl\/skauty-5\/wp-json\/wp\/v2\/pages"}],"about":[{"href":"https:\/\/www.wroclawskieskauty.pl\/skauty-5\/wp-json\/wp\/v2\/types\/page"}],"author":[{"embeddable":true,"href":"https:\/\/www.wroclawskieskauty.pl\/skauty-5\/wp-json\/wp\/v2\/users\/1"}],"replies":[{"embeddable":true,"href":"https:\/\/www.wroclawskieskauty.pl\/skauty-5\/wp-json\/wp\/v2\/comments?post=269"}],"version-history":[{"count":7,"href":"https:\/\/www.wroclawskieskauty.pl\/skauty-5\/wp-json\/wp\/v2\/pages\/269\/revisions"}],"predecessor-version":[{"id":681,"href":"https:\/\/www.wroclawskieskauty.pl\/skauty-5\/wp-json\/wp\/v2\/pages\/269\/revisions\/681"}],"wp:attachment":[{"href":"https:\/\/www.wroclawskieskauty.pl\/skauty-5\/wp-json\/wp\/v2\/media?parent=269"}],"curies":[{"name":"wp","href":"https:\/\/api.w.org\/{rel}","templated":true}]}}