{"id":45,"date":"2022-07-18T23:26:07","date_gmt":"2022-07-18T21:26:07","guid":{"rendered":"https:\/\/www.wroclawskieskauty.pl\/skauty-1\/?page_id=45"},"modified":"2026-03-20T10:39:58","modified_gmt":"2026-03-20T09:39:58","slug":"rekrutacja","status":"publish","type":"page","link":"https:\/\/www.wroclawskieskauty.pl\/skauty-5\/rekrutacja\/","title":{"rendered":"Rekrutacja"},"content":{"rendered":"<p>[vc_row css=&#8221;.vc_custom_1658406481784{padding-top: 0px !important;padding-bottom: 0px !important;}&#8221;][vc_column width=&#8221;1\/2&#8243; cms_title_size=&#8221;h2&#8243;][vc_column_text]<\/p>\n<h4 style=\"text-align: left;\"><span style=\"color: #d41f30;\"><strong>REKRUTACJA NA ROK SZKOLNY 2026\/2027 <\/strong><\/span><\/h4>\n<h4 style=\"text-align: left;\"><span style=\"color: #d41f30;\"><strong>DO PUBLICZNEGO PRZEDSZKOLA <\/strong><\/span><\/h4>\n<h4 style=\"text-align: left;\"><span style=\"color: #d41f30;\"><strong>WROC\u0141AWSKIE SKAUTY V <\/strong><\/span><\/h4>\n<p>[\/vc_column_text][vc_empty_space height=&#8221;36px&#8221;][vc_column_text]<strong>Szanowni Pa\u0144stwo, uprzejmie informujemy, \u017ce rekrutacja do Publicznego Przedszkola Wroc\u0142awskie Skauty V na rok szkolny 2026\/2027 prowadzona b\u0119dzie z wykorzystaniem elektronicznego systemu rekrutacji prowadzonego przez miasto Wroc\u0142aw.<\/strong><\/p>\n<p>REKRUTACJA ELEKTRONICZNA DO PRZEDSZKOLI:<br \/>\n<a href=\"https:\/\/rekrutacje.edu.wroclaw.pl\/switcher-public\/\">https:\/\/rekrutacje.edu.wroclaw.pl\/switcher-public\/<\/a><\/p>\n<p>Zapraszamy do zapoznania si\u0119 z harmonogramem i kryteriami rekrutacji 2026\/2027.[\/vc_column_text][vc_empty_space height=&#8221;36px&#8221;][vc_separator][vc_column_text]<\/p>\n<div>\n<p><strong>Kontynuacja wychowania przedszkolnego<\/strong><\/p>\n<p>Dzieci kontynuuj\u0105ce wychowanie przedszkolne w Przedszkolu Wroc\u0142awskie Skauty I, nie bior\u0105 udzia\u0142u w rekrutacji \u2013 rodzice\/prawni opiekunowie sk\u0142adaj\u0105 wol\u0119 kontynuacji w wyznaczonym terminie.<\/p>\n<\/div>\n<p class=\"font_8\"><strong>JAK ZAPISA\u0106 DZIECKO DO NASZEGO PRZEDSZKOLA W CI\u0104GU ROKU:<\/strong><\/p>\n<p class=\"font_8\">Dokumenty rekrutacyjne mo\u017cna pobra\u0107:<br \/>\n* Z naszej strony internetowej<br \/>\n* Z sekretariatu przedszkola.<br \/>\nUwaga: prosimy \u201ewniosek o przyj\u0119cie dziecka\u201d drukowa\u0107 dwustronnie na jednej kartce papieru<\/p>\n<p><a href=\"https:\/\/www.wroclawskieskauty.pl\/skauty-5\/dokumenty-rekrutacyjne\/\" rel=\"noopener\">&lt;&lt;DOKUMENTY REKRUTACYJNE DO POBRANIA&gt;&gt;<\/a><\/p>\n<p><strong>Co nale\u017cy ze sob\u0105 zabra\u0107:<\/strong><br \/>\n* Wype\u0142nion\u0105 kart\u0119 zapisu dziecka w jednym egzemplarzu<br \/>\n* Dow\u00f3d osobisty<br \/>\n* Nr pesel dziecka[\/vc_column_text][vc_empty_space height=&#8221;36px&#8221;][\/vc_column][vc_column width=&#8221;1\/2&#8243;][vc_row_inner][vc_column_inner][vc_images_carousel images=&#8221;668&#8243; img_size=&#8221;360&#215;200&#8243; autoplay=&#8221;yes&#8221; wrap=&#8221;yes&#8221; el_class=&#8221;img-fluid&#8221;][vc_empty_space height=&#8221;36px&#8221;][vc_column_text]Informacja dotycz\u0105ca post\u0119powania rekrutacyjnego<\/p>\n<p>HARMONOGRAM DLA RODZIC\u00d3W \u2013 I ETAP <a href=\"https:\/\/www.wroclawskieskauty.pl\/skauty-4\/wp-content\/uploads\/2026\/01\/HARMONOGRAM-DLA-RODZICOW-ETAP-PODSTAWOWY.pdf\">Pobierz<\/a><\/p>\n<p>HARMONOGRAM DLA RODZIC\u00d3W \u2013 II ETAP <a href=\"https:\/\/www.wroclawskieskauty.pl\/skauty-4\/wp-content\/uploads\/2026\/01\/HARMONOGRAM-DLA-RODZICOW-ETAP-UZUPELNIAJACY.pdf\">Pobierz<\/a><\/p>\n<p>INFORMACJE OG\u00d3LNE <a href=\"https:\/\/www.wroclawskieskauty.pl\/skauty-4\/wp-content\/uploads\/2026\/01\/INFORMACJE-OGOLNE.pdf\">Pobierz<\/a><\/p>\n<p>KONTYNUACJE <a href=\"https:\/\/www.wroclawskieskauty.pl\/skauty-4\/wp-content\/uploads\/2026\/01\/KONTYNUACJA.pdf\">Pobierz<\/a><\/p>\n<p>KRYTERIA <a href=\"https:\/\/www.wroclawskieskauty.pl\/skauty-4\/wp-content\/uploads\/2026\/01\/KRYTERIA-.pdf\">Pobierz<\/a><\/p>\n<p>PODSTAWA PRAWNA <a href=\"https:\/\/www.wroclawskieskauty.pl\/skauty-4\/wp-content\/uploads\/2026\/01\/PODSTAWY-PRAWNE.pdf\">Pobierz<\/a><\/p>\n<p>UDZIA\u0141 W REKRUTACJI <a href=\"https:\/\/www.wroclawskieskauty.pl\/skauty-4\/wp-content\/uploads\/2026\/01\/UDZIAL-W-REKRUTACJI.pdf\">Pobierz<\/a><\/p>\n<p>ZARZ\u0104DZENIE PREZYDENTA \u2013 TERMINY REKRUTACJI<a href=\"https:\/\/www.wroclawskieskauty.pl\/skauty-4\/wp-content\/uploads\/2026\/01\/P-ZARZADZENIE-WS-TERMINOW-REKRUTACJI.pdf\"> Pobierz<\/a><\/p>\n<p>BIULETYN INFORMACYJNY <a href=\"https:\/\/www.wroclawskieskauty.pl\/skauty-4\/wp-content\/uploads\/2026\/01\/BIULETYN-INFORMACYJNY.pdf\">Pobierz<\/a>[\/vc_column_text][vc_empty_space height=&#8221;36px&#8221;][\/vc_column_inner][\/vc_row_inner][\/vc_column][\/vc_row]<\/p>\n","protected":false},"excerpt":{"rendered":"<p>[vc_row css=&#8221;.vc_custom_1658406481784{padding-top: 0px !important;padding-bottom: 0px !important;}&#8221;][vc_column width=&#8221;1\/2&#8243; cms_title_size=&#8221;h2&#8243;][vc_column_text] REKRUTACJA NA ROK SZKOLNY 2026\/2027 DO PUBLICZNEGO PRZEDSZKOLA WROC\u0141AWSKIE SKAUTY V [\/vc_column_text][vc_empty_space height=&#8221;36px&#8221;][vc_column_text]Szanowni Pa\u0144stwo, uprzejmie informujemy, \u017ce rekrutacja do Publicznego Przedszkola Wroc\u0142awskie Skauty V na rok szkolny 2026\/2027 prowadzona b\u0119dzie z wykorzystaniem elektronicznego systemu rekrutacji prowadzonego przez miasto Wroc\u0142aw. REKRUTACJA ELEKTRONICZNA DO PRZEDSZKOLI: https:\/\/rekrutacje.edu.wroclaw.pl\/switcher-public\/ Zapraszamy do zapoznania [&hellip;]<\/p>\n","protected":false},"author":1,"featured_media":0,"parent":0,"menu_order":0,"comment_status":"closed","ping_status":"closed","template":"","meta":[],"acf":[],"_links":{"self":[{"href":"https:\/\/www.wroclawskieskauty.pl\/skauty-5\/wp-json\/wp\/v2\/pages\/45"}],"collection":[{"href":"https:\/\/www.wroclawskieskauty.pl\/skauty-5\/wp-json\/wp\/v2\/pages"}],"about":[{"href":"https:\/\/www.wroclawskieskauty.pl\/skauty-5\/wp-json\/wp\/v2\/types\/page"}],"author":[{"embeddable":true,"href":"https:\/\/www.wroclawskieskauty.pl\/skauty-5\/wp-json\/wp\/v2\/users\/1"}],"replies":[{"embeddable":true,"href":"https:\/\/www.wroclawskieskauty.pl\/skauty-5\/wp-json\/wp\/v2\/comments?post=45"}],"version-history":[{"count":40,"href":"https:\/\/www.wroclawskieskauty.pl\/skauty-5\/wp-json\/wp\/v2\/pages\/45\/revisions"}],"predecessor-version":[{"id":682,"href":"https:\/\/www.wroclawskieskauty.pl\/skauty-5\/wp-json\/wp\/v2\/pages\/45\/revisions\/682"}],"wp:attachment":[{"href":"https:\/\/www.wroclawskieskauty.pl\/skauty-5\/wp-json\/wp\/v2\/media?parent=45"}],"curies":[{"name":"wp","href":"https:\/\/api.w.org\/{rel}","templated":true}]}}