{"id":80,"date":"2022-07-21T13:13:51","date_gmt":"2022-07-21T11:13:51","guid":{"rendered":"https:\/\/www.wroclawskieskauty.pl\/skauty-1\/?page_id=80"},"modified":"2026-03-20T10:49:30","modified_gmt":"2026-03-20T09:49:30","slug":"oferta-zajec","status":"publish","type":"page","link":"https:\/\/www.wroclawskieskauty.pl\/skauty-5\/oferta-zajec\/","title":{"rendered":"Oferta zaj\u0119\u0107"},"content":{"rendered":"<p>[vc_row][vc_column][vc_column_text]Wierzymy, \u017ce ka\u017cde Dziecko ma wrodzon\u0105 pasj\u0119 do poznawania \u015bwiata, a rol\u0105 doros\u0142ych jest tworzenie warunk\u00f3w do jego harmonijnego rozwoju. Nasz przedszkolny grafik wype\u0142niony jest ciekawymi zaj\u0119ciami, kt\u00f3re ucz\u0105, anga\u017cuj\u0105, bawi\u0105 i wywo\u0142uj\u0105 u\u015bmiech.<\/p>\n<p>Regularnie odwiedzaj\u0105 nas edukatorzy, lokalni arty\u015bci i tw\u00f3rcy, a tak\u017ce przedstawiciele r\u00f3\u017cnych zawod\u00f3w i dziedzin. Organizujemy r\u00f3wnie\u017c ma\u0142e i du\u017ce wyprawy \u2013 poznajemy najbli\u017csz\u0105 okolic\u0119, uczestniczymy w wydarzeniach kulturalnych i odkrywamy \u015bwiat poprzez kontakt ze sztuk\u0105, nauk\u0105 i natur\u0105. Wiemy, gdzie warto zajrze\u0107 i w czym warto wzi\u0105\u0107 udzia\u0142 \u2013 aktywnie uczestniczymy w \u017cyciu miasta.<\/p>\n<p>Zaj\u0119cia podstawowe:<\/p>\n<p>j\u0119zyk angielski \u2013 2 razy w tygodniu<\/p>\n<p>zaj\u0119cia logopedyczne<\/p>\n<p>opieka psychologa oraz wsparcie pedagoga (szczeg\u00f3lnie w okresie adaptacji)<\/p>\n<p>Zaj\u0119cia dodatkowe<\/p>\n<p>zaj\u0119cia taneczne<\/p>\n<p>j\u0119zyk angielski rozszerzony \u2013 3 razy w tygodniu<\/p>\n<p>rytmika<\/p>\n<p>zaj\u0119cia na basenie<\/p>\n<p>taekwondo<\/p>\n<p>warsztaty teatralne<\/p>\n<p>Dbamy o to, aby ka\u017cde dziecko mog\u0142o rozwija\u0107 swoje zainteresowania, odkrywa\u0107 nowe pasje i czu\u0107 rado\u015b\u0107 z codziennego poznawania \u015bwiata.[\/vc_column_text][\/vc_column][\/vc_row]<\/p>\n","protected":false},"excerpt":{"rendered":"<p>[vc_row][vc_column][vc_column_text]Wierzymy, \u017ce ka\u017cde Dziecko ma wrodzon\u0105 pasj\u0119 do poznawania \u015bwiata, a rol\u0105 doros\u0142ych jest tworzenie warunk\u00f3w do jego harmonijnego rozwoju. Nasz przedszkolny grafik wype\u0142niony jest ciekawymi zaj\u0119ciami, kt\u00f3re ucz\u0105, anga\u017cuj\u0105, bawi\u0105 i wywo\u0142uj\u0105 u\u015bmiech. Regularnie odwiedzaj\u0105 nas edukatorzy, lokalni arty\u015bci i tw\u00f3rcy, a tak\u017ce przedstawiciele r\u00f3\u017cnych zawod\u00f3w i dziedzin. Organizujemy r\u00f3wnie\u017c ma\u0142e i du\u017ce wyprawy [&hellip;]<\/p>\n","protected":false},"author":1,"featured_media":0,"parent":0,"menu_order":0,"comment_status":"closed","ping_status":"closed","template":"","meta":[],"acf":[],"_links":{"self":[{"href":"https:\/\/www.wroclawskieskauty.pl\/skauty-5\/wp-json\/wp\/v2\/pages\/80"}],"collection":[{"href":"https:\/\/www.wroclawskieskauty.pl\/skauty-5\/wp-json\/wp\/v2\/pages"}],"about":[{"href":"https:\/\/www.wroclawskieskauty.pl\/skauty-5\/wp-json\/wp\/v2\/types\/page"}],"author":[{"embeddable":true,"href":"https:\/\/www.wroclawskieskauty.pl\/skauty-5\/wp-json\/wp\/v2\/users\/1"}],"replies":[{"embeddable":true,"href":"https:\/\/www.wroclawskieskauty.pl\/skauty-5\/wp-json\/wp\/v2\/comments?post=80"}],"version-history":[{"count":12,"href":"https:\/\/www.wroclawskieskauty.pl\/skauty-5\/wp-json\/wp\/v2\/pages\/80\/revisions"}],"predecessor-version":[{"id":685,"href":"https:\/\/www.wroclawskieskauty.pl\/skauty-5\/wp-json\/wp\/v2\/pages\/80\/revisions\/685"}],"wp:attachment":[{"href":"https:\/\/www.wroclawskieskauty.pl\/skauty-5\/wp-json\/wp\/v2\/media?parent=80"}],"curies":[{"name":"wp","href":"https:\/\/api.w.org\/{rel}","templated":true}]}}