{"id":88,"date":"2022-07-21T13:15:11","date_gmt":"2022-07-21T11:15:11","guid":{"rendered":"https:\/\/www.wroclawskieskauty.pl\/skauty-1\/?page_id=88"},"modified":"2023-10-16T13:45:25","modified_gmt":"2023-10-16T11:45:25","slug":"rada-rodzicow","status":"publish","type":"page","link":"https:\/\/www.wroclawskieskauty.pl\/skauty-5\/rada-rodzicow\/","title":{"rendered":"Rada Rodzic\u00f3w"},"content":{"rendered":"<p>[vc_row][vc_column][vc_column_text]<\/p>\n<p class=\"p2\"><span class=\"s1\">W naszej plac\u00f3wce Rodzice s\u0105 partnerami Przedszkola\u00a0 &#8211; uczestnicz\u0105 w jego codziennym \u017cyciu i maj\u0105 realny wp\u0142ywa na jego funkcjonowanie.<\/span><span class=\"s1\"> Wszelkie inicjatywy rodzic\u00f3w s\u0105 mile widziane, a ka\u017cdy gest i dzia\u0142anie ma dla nas ogromn\u0105 warto\u015b\u0107.\u00a0<\/span><\/p>\n<p style=\"text-align: left;\">Zach\u0119camy do wp\u0142acania <strong>darowizny na Rad\u0119 Rodzic\u00f3w w wysoko\u015bci 50 z\u0142 \/ za semestr<\/strong><\/p>\n<p><strong>Nr konta: 17 1090 2590 0000 0001 5311 0117<\/strong><\/p>\n<p><strong>Kontakt: <a class=\"mailto-link\" href=\"mailto:radarodzicow.skauty5@gmail.com\" target=\"_blank\" rel=\"noopener\">radarodzicow.skauty5@gmail.com<\/a><\/strong><\/p>\n<p>&nbsp;<\/p>\n<p>Dotychczas dzi\u0119ki zebranym funduszom uda\u0142o si\u0119 zrealizowa\u0107 wiele wydarze\u0144\u00a0 i wyposa\u017cy\u0107 przedszkole w atrakcyjne pomoce dydaktyczne:<\/p>\n<ul>\n<li style=\"font-weight: 400;\">k\u0105ciki relaksacyjne dla przedszkolak\u00f3w<\/li>\n<li>biblioteczk\u0119<\/li>\n<li style=\"font-weight: 400;\">Robota INDI &#8211; przyjazne, intuicyjne narz\u0119dzie do nauki podstaw kodowania<\/li>\n<li style=\"font-weight: 400;\">nagrody do konkursu \u201eKosmiczny \u0141azik\u201d<\/li>\n<li style=\"font-weight: 400;\">ksi\u0105\u017cki dla absolwent\u00f3w przedszkola 2022\/2023<\/li>\n<li style=\"font-weight: 400;\">akcesoria na przedszkolne pikniki &#8211; gofrownic\u0119, maszyn\u0119 do popcornu, s\u0142oje z kranikiem<\/li>\n<\/ul>\n<p style=\"font-weight: 400;\">Rada Rodzic\u00f3w wsp\u00f3\u0142organizowa\u0142a:<\/p>\n<ul>\n<li>Dzie\u0144 Babci i Dziadka w roku w styczniu 2023 r.<\/li>\n<li>Dzie\u0144 Rodziny w czerwcu 2023 r.<\/li>\n<li style=\"font-weight: 400;\">Rozpocz\u0119cie roku przedszkolnego 2023\/2024<\/li>\n<\/ul>\n<p>[\/vc_column_text][\/vc_column][\/vc_row]<\/p>\n","protected":false},"excerpt":{"rendered":"<p>[vc_row][vc_column][vc_column_text] W naszej plac\u00f3wce Rodzice s\u0105 partnerami Przedszkola\u00a0 &#8211; uczestnicz\u0105 w jego codziennym \u017cyciu i maj\u0105 realny wp\u0142ywa na jego funkcjonowanie. Wszelkie inicjatywy rodzic\u00f3w s\u0105 mile widziane, a ka\u017cdy gest i dzia\u0142anie ma dla nas ogromn\u0105 warto\u015b\u0107.\u00a0 Zach\u0119camy do wp\u0142acania darowizny na Rad\u0119 Rodzic\u00f3w w wysoko\u015bci 50 z\u0142 \/ za semestr Nr konta: 17 1090 [&hellip;]<\/p>\n","protected":false},"author":1,"featured_media":0,"parent":0,"menu_order":0,"comment_status":"closed","ping_status":"closed","template":"","meta":[],"acf":[],"_links":{"self":[{"href":"https:\/\/www.wroclawskieskauty.pl\/skauty-5\/wp-json\/wp\/v2\/pages\/88"}],"collection":[{"href":"https:\/\/www.wroclawskieskauty.pl\/skauty-5\/wp-json\/wp\/v2\/pages"}],"about":[{"href":"https:\/\/www.wroclawskieskauty.pl\/skauty-5\/wp-json\/wp\/v2\/types\/page"}],"author":[{"embeddable":true,"href":"https:\/\/www.wroclawskieskauty.pl\/skauty-5\/wp-json\/wp\/v2\/users\/1"}],"replies":[{"embeddable":true,"href":"https:\/\/www.wroclawskieskauty.pl\/skauty-5\/wp-json\/wp\/v2\/comments?post=88"}],"version-history":[{"count":8,"href":"https:\/\/www.wroclawskieskauty.pl\/skauty-5\/wp-json\/wp\/v2\/pages\/88\/revisions"}],"predecessor-version":[{"id":465,"href":"https:\/\/www.wroclawskieskauty.pl\/skauty-5\/wp-json\/wp\/v2\/pages\/88\/revisions\/465"}],"wp:attachment":[{"href":"https:\/\/www.wroclawskieskauty.pl\/skauty-5\/wp-json\/wp\/v2\/media?parent=88"}],"curies":[{"name":"wp","href":"https:\/\/api.w.org\/{rel}","templated":true}]}}