{"id":269,"date":"2022-10-16T15:23:20","date_gmt":"2022-10-16T13:23:20","guid":{"rendered":"https:\/\/www.wroclawskieskauty.pl\/skauty-1-new\/?page_id=269"},"modified":"2023-06-30T07:42:00","modified_gmt":"2023-06-30T05:42:00","slug":"dokumenty-rekrutacyjne","status":"publish","type":"page","link":"https:\/\/www.wroclawskieskauty.pl\/skauty-7\/dokumenty-rekrutacyjne\/","title":{"rendered":"Dokumenty rekrutacyjne"},"content":{"rendered":"\n<div class=\"wp-block-file aligncenter\"><a id=\"wp-block-file--media-0687422b-f48c-43bd-b9e8-92a327eb21fa\" href=\"https:\/\/www.wroclawskieskauty.pl\/skauty-7\/wp-content\/uploads\/2023\/06\/WNIOSEK-O-PRZYJECIE-DZIECKA-DO-PRZEDSZKOLA-2023_2024_MARSZOWICKA.pdf\">Wniosek o przyj\u0119cie dziecka do przedszkola<\/a><a href=\"https:\/\/www.wroclawskieskauty.pl\/skauty-7\/wp-content\/uploads\/2023\/06\/WNIOSEK-O-PRZYJECIE-DZIECKA-DO-PRZEDSZKOLA-2023_2024_MARSZOWICKA.pdf\" class=\"wp-block-file__button wp-element-button\" download aria-describedby=\"wp-block-file--media-0687422b-f48c-43bd-b9e8-92a327eb21fa\"><\/a><\/div>\n\n\n\n<div class=\"wp-block-file aligncenter\"><a id=\"wp-block-file--media-3fe9de0a-f792-4842-a0f3-0a3ae69e4570\" href=\"https:\/\/www.wroclawskieskauty.pl\/skauty-7\/wp-content\/uploads\/2023\/03\/oswiadczenie-opiekuna-ucznia-o-uczeszczaniu-do-placowki.pdf\">O\u015bwiadczenie opiekuna ucznia o ucz\u0119szczaniu do plac\u00f3wki<\/a><a href=\"https:\/\/www.wroclawskieskauty.pl\/skauty-7\/wp-content\/uploads\/2023\/03\/oswiadczenie-opiekuna-ucznia-o-uczeszczaniu-do-placowki.pdf\" class=\"wp-block-file__button wp-element-button\" download aria-describedby=\"wp-block-file--media-3fe9de0a-f792-4842-a0f3-0a3ae69e4570\"><\/a><\/div>\n\n\n\n<div class=\"wp-block-file aligncenter\"><a id=\"wp-block-file--media-3fe9de0a-f792-4842-a0f3-0a3ae69e4570\" href=\"https:\/\/www.wroclawskieskauty.pl\/skauty-7\/wp-content\/uploads\/2023\/03\/oswiadczenie-rodzica-o-zamieszkaniu-niesamorzadowe.pdf\">O\u015bwiadczenie rodzica o zamieszkaniu niesamorz\u0105dowe<\/a><a href=\"https:\/\/www.wroclawskieskauty.pl\/skauty-7\/wp-content\/uploads\/2023\/03\/oswiadczenie-rodzica-o-zamieszkaniu-niesamorzadowe.pdf\" class=\"wp-block-file__button wp-element-button\" download aria-describedby=\"wp-block-file--media-3fe9de0a-f792-4842-a0f3-0a3ae69e4570\"><\/a><\/div>\n\n\n\n<div class=\"wp-block-file aligncenter\"><a id=\"wp-block-file--media-3fe9de0a-f792-4842-a0f3-0a3ae69e4570\" href=\"https:\/\/www.wroclawskieskauty.pl\/skauty-7\/wp-content\/uploads\/2023\/03\/oswiadczenie_o-wielodzietnosci_rodziny_kandydata.pdf\">O\u015bwiadczenie_o wielodzietno\u015bci<\/a><a href=\"https:\/\/www.wroclawskieskauty.pl\/skauty-7\/wp-content\/uploads\/2023\/03\/oswiadczenie_o-wielodzietnosci_rodziny_kandydata.pdf\" class=\"wp-block-file__button wp-element-button\" download aria-describedby=\"wp-block-file--media-3fe9de0a-f792-4842-a0f3-0a3ae69e4570\"><\/a><\/div>\n","protected":false},"excerpt":{"rendered":"Wniosek o przyj\u0119cie dziecka do przedszkola O\u015bwiadczenie opiekuna ucznia o ucz\u0119szczaniu do plac\u00f3wki O\u015bwiadczenie rodzica o zamieszkaniu niesamorz\u0105dowe O\u015bwiadczenie_o wielodzietno\u015bci","protected":false},"author":1,"featured_media":0,"parent":0,"menu_order":0,"comment_status":"closed","ping_status":"closed","template":"","meta":{"footnotes":""},"class_list":["post-269","page","type-page","status-publish","hentry"],"acf":[],"_links":{"self":[{"href":"https:\/\/www.wroclawskieskauty.pl\/skauty-7\/wp-json\/wp\/v2\/pages\/269","targetHints":{"allow":["GET"]}}],"collection":[{"href":"https:\/\/www.wroclawskieskauty.pl\/skauty-7\/wp-json\/wp\/v2\/pages"}],"about":[{"href":"https:\/\/www.wroclawskieskauty.pl\/skauty-7\/wp-json\/wp\/v2\/types\/page"}],"author":[{"embeddable":true,"href":"https:\/\/www.wroclawskieskauty.pl\/skauty-7\/wp-json\/wp\/v2\/users\/1"}],"replies":[{"embeddable":true,"href":"https:\/\/www.wroclawskieskauty.pl\/skauty-7\/wp-json\/wp\/v2\/comments?post=269"}],"version-history":[{"count":5,"href":"https:\/\/www.wroclawskieskauty.pl\/skauty-7\/wp-json\/wp\/v2\/pages\/269\/revisions"}],"predecessor-version":[{"id":363,"href":"https:\/\/www.wroclawskieskauty.pl\/skauty-7\/wp-json\/wp\/v2\/pages\/269\/revisions\/363"}],"wp:attachment":[{"href":"https:\/\/www.wroclawskieskauty.pl\/skauty-7\/wp-json\/wp\/v2\/media?parent=269"}],"curies":[{"name":"wp","href":"https:\/\/api.w.org\/{rel}","templated":true}]}}