{"id":45,"date":"2022-07-18T23:26:07","date_gmt":"2022-07-18T21:26:07","guid":{"rendered":"https:\/\/www.wroclawskieskauty.pl\/skauty-7\/?page_id=45"},"modified":"2026-01-29T21:24:48","modified_gmt":"2026-01-29T20:24:48","slug":"rekrutacja","status":"publish","type":"page","link":"https:\/\/www.wroclawskieskauty.pl\/skauty-7\/rekrutacja\/","title":{"rendered":"Rekrutacja"},"content":{"rendered":"<p>[vc_row css=&#8221;.vc_custom_1658406481784{padding-top: 0px !important;padding-bottom: 0px !important;}&#8221;][vc_column width=&#8221;1\/2&#8243; cms_title_size=&#8221;h2&#8243;][vc_column_text]<\/p>\n<h4 style=\"text-align: center;\"><span style=\"color: #d41f30;\"><strong>REKRUTACJA NA ROK SZKOLNY 2026\/2027<\/strong><\/span><\/h4>\n<h4 style=\"text-align: center;\"><span style=\"color: #d41f30;\"><strong>DO PUBLICZNEGO PRZEDSZKOLA <\/strong><\/span><\/h4>\n<h4 style=\"text-align: center;\"><span style=\"color: #d41f30;\"><strong>WROC\u0141AWSKIE SKAUTY VII <\/strong><\/span><\/h4>\n<p>[\/vc_column_text][vc_empty_space height=&#8221;36px&#8221;][vc_column_text]<\/p>\n<div>\n<p><span style=\"color: #993366;\"><strong>Szanowni Pa\u0144stwo, uprzejmie informujemy, \u017ce rekrutacja do Publicznego Przedszkola Wroc\u0142awskie Skauty VII na rok szkolny 2026\/2027 prowadzona b\u0119dzie z wykorzystaniem elektronicznego systemu rekrutacji prowadzonego przez miasto Wroc\u0142aw.<br \/>\n<\/strong><\/span><\/p>\n<p><strong><a href=\"https:\/\/rekrutacje.edu.wroclaw.pl\">REKRUTACJA ELEKTRONICZNA DO PRZEDSZKOLI &#8211; LINK<\/a><\/strong><\/p>\n<p><strong>Zapraszamy do zapoznania si\u0119 z harmonogramem i kryteriami rekrutacji 2026\/2027.<\/strong><\/p>\n<p><strong>Zarz\u0105dzenie Organu Prowadz\u0105cego &#8211; Wroc\u0142awskie Skauty Sp. z o.o. &#8211; <a href=\"https:\/\/www.wroclawskieskauty.pl\/skauty-7\/wp-content\/uploads\/2026\/01\/WS-Zarzadzenie-Prezesa-rekrutacja.pdf\">Pobierz<\/a><\/strong><\/p>\n<p><strong>Zarz\u0105dzenie Dyrektora w sprawie prowadzonego post\u0119powania rekrutacyjnego do Publicznego Przedszkola Wroc\u0142awskie Skauty VII we Wroc\u0142awiu na rok szkolny 2026\/2027 &#8211; <a href=\"https:\/\/www.wroclawskieskauty.pl\/skauty-7\/wp-content\/uploads\/2026\/01\/ZARZADZENIE.pdf\">Pobierz<\/a><\/strong><\/p>\n<p><strong>Za\u0142\u0105cznik nr 1 &#8211; <a href=\"https:\/\/www.wroclawskieskauty.pl\/skauty-7\/wp-content\/uploads\/2026\/01\/zalacznik-nr-1.pdf\">Pobierz<\/a><\/strong><\/p>\n<p><strong>Za\u0142\u0105cznik nr 2 &#8211; <a href=\"https:\/\/www.wroclawskieskauty.pl\/skauty-7\/wp-content\/uploads\/2026\/01\/zalacznik-nr-2.pdf\">Pobierz<\/a><\/strong><\/p>\n<p><strong>Za\u0142\u0105cznik nr 3 &#8211; <a href=\"https:\/\/www.wroclawskieskauty.pl\/skauty-7\/wp-content\/uploads\/2026\/01\/ZALACZNIK-NR-3.pdf\">Pobierz<\/a><\/strong><\/p>\n<p><strong>Za\u0142\u0105cznik nr 4 &#8211; <a href=\"https:\/\/www.wroclawskieskauty.pl\/skauty-7\/wp-content\/uploads\/2026\/01\/zalacznik-nr-4.pdf\">Pobierz<\/a><\/strong><\/p>\n<p><strong>Za\u0142\u0105cznik nr 4a &#8211; <a href=\"https:\/\/www.wroclawskieskauty.pl\/skauty-7\/wp-content\/uploads\/2026\/01\/zalaczniknr-4a.pdf\">Pobierz<\/a><\/strong><\/p>\n<p><strong>Za\u0142\u0105cznik nr 4b &#8211; <a href=\"https:\/\/www.wroclawskieskauty.pl\/skauty-7\/wp-content\/uploads\/2026\/01\/zalaczniknr-4b.pdf\">Pobierz<\/a><\/strong><\/p>\n<p><strong>Za\u0142\u0105cznik nr 5 &#8211; <a href=\"https:\/\/www.wroclawskieskauty.pl\/skauty-7\/wp-content\/uploads\/2026\/01\/zalacznik-nr-5.pdf\">Pobierz<\/a><\/strong><\/p>\n<p><strong>Za\u0142\u0105cznik nr 6 &#8211; <a href=\"https:\/\/www.wroclawskieskauty.pl\/skauty-7\/wp-content\/uploads\/2026\/01\/ZALACZNIK-NR-6.pdf\">Pobierz<\/a><\/strong><\/p>\n<p><strong>Za\u0142\u0105cznik nr 7 &#8211; <a href=\"https:\/\/www.wroclawskieskauty.pl\/skauty-7\/wp-content\/uploads\/2026\/01\/zalacznik-nr-7.pdf\">Pobierz<\/a><\/strong><\/p>\n<p><strong>WNIOSEK O PRZYJ\u0118CIE DZIECKA DO PRZEDSZKOLA 2025\/2026 \u2013 <a href=\"https:\/\/www.wroclawskieskauty.pl\/skauty-7\/wp-content\/uploads\/2025\/02\/Wniosek-o-przyjecie-dziecka-do-przedszkola-25-26.pdf\">Pobierz<\/a><\/strong><\/p>\n<\/div>\n<p>[\/vc_column_text][vc_empty_space height=&#8221;36px&#8221;][vc_separator][vc_column_text]<\/p>\n<div>\n<div><\/div>\n<\/div>\n<p class=\"font_8\"><strong>JAK ZAPISA\u0106 DZIECKO DO NASZEGO PRZEDSZKOLA W CI\u0104GU ROKU:<\/strong><\/p>\n<p class=\"font_8\">Dokumenty rekrutacyjne mo\u017cna pobra\u0107:<br \/>\n* Z naszej strony internetowej<br \/>\n* Z sekretariatu przedszkola.<br \/>\nUwaga: prosimy \u201ewniosek o przyj\u0119cie dziecka\u201d drukowa\u0107 dwustronnie na jednej kartce papieru<\/p>\n<div class=\"edit-post-post-link__preview-link-container\"><a class=\"components-external-link edit-post-post-link__link\" href=\"https:\/\/www.wroclawskieskauty.pl\/skauty-4\/dokumenty-rekrutacyjne\/\" target=\"_blank\" rel=\"external noreferrer noopener\"><span class=\"edit-post-post-link__link-prefix\">&lt;&lt;<\/span><\/a><a href=\"https:\/\/www.wroclawskieskauty.pl\/skauty-7\/dokumenty-rekrutacyjne\/\" target=\"_self\" rel=\"noopener noreferrer\">DOKUMENTY REKRUTACYJNE DO POBRANIA<\/a>&gt;&gt;<\/div>\n<div><\/div>\n<p><strong>Co nale\u017cy ze sob\u0105 zabra\u0107:<\/strong><br \/>\n* Wype\u0142nion\u0105 kart\u0119 zapisu dziecka w jednym egzemplarzu<br \/>\n* Dow\u00f3d osobisty<br \/>\n* Nr pesel dziecka[\/vc_column_text][vc_empty_space height=&#8221;36px&#8221;][\/vc_column][vc_column width=&#8221;1\/2&#8243;][vc_row_inner][vc_column_inner][vc_images_carousel images=&#8221;115,117,116&#8243; img_size=&#8221;360&#215;200&#8243; autoplay=&#8221;yes&#8221; wrap=&#8221;yes&#8221; el_class=&#8221;img-fluid&#8221;][vc_empty_space height=&#8221;36px&#8221;][vc_column_text]<span style=\"color: #993366;\"><strong>Informacja dotycz\u0105ca post\u0119powania rekrutacyjnego <\/strong><\/span><\/p>\n<p>HARMONOGRAM DLA RODZIC\u00d3W &#8211; I ETAP <a href=\"https:\/\/www.wroclawskieskauty.pl\/skauty-1\/wp-content\/uploads\/2026\/01\/HARMONOGRAM-DLA-RODZICOW-ETAP-PODSTAWOWY.pdf\">Pobierz<\/a><\/p>\n<p>HARMONOGRAM DLA RODZIC\u00d3W &#8211; II ETAP <a href=\"https:\/\/www.wroclawskieskauty.pl\/skauty-1\/wp-content\/uploads\/2026\/01\/HARMONOGRAM-DLA-RODZICOW-ETAP-UZUPELNIAJACY.pdf\">Pobierz<\/a><\/p>\n<p>INFORMACJE OG\u00d3LNE <a href=\"https:\/\/www.wroclawskieskauty.pl\/skauty-1\/wp-content\/uploads\/2026\/01\/INFORMACJE-OGOLNE.pdf\">Pobierz<\/a><\/p>\n<p>KONTYNUACJE <a href=\"https:\/\/www.wroclawskieskauty.pl\/skauty-1\/wp-content\/uploads\/2026\/01\/KONTYNUACJA.pdf\">Pobierz<\/a><\/p>\n<p>KRYTERIA <a href=\"https:\/\/www.wroclawskieskauty.pl\/skauty-1\/wp-content\/uploads\/2026\/01\/KRYTERIA-.pdf\">Pobierz<\/a><\/p>\n<p>PODSTAWA PRAWNA <a href=\"https:\/\/www.wroclawskieskauty.pl\/skauty-1\/wp-content\/uploads\/2026\/01\/PODSTAWY-PRAWNE.pdf\">Pobierz<\/a><\/p>\n<p>UDZIA\u0141 W REKRUTACJI <a href=\"https:\/\/www.wroclawskieskauty.pl\/skauty-1\/wp-content\/uploads\/2026\/01\/UDZIAL-W-REKRUTACJI.pdf\">Pobierz<\/a><\/p>\n<p>ZARZ\u0104DZENIE PREZYDENTA &#8211; TERMINY REKRUTACJI <a href=\"https:\/\/www.wroclawskieskauty.pl\/skauty-1\/wp-content\/uploads\/2026\/01\/P-ZARZADZENIE-WS-TERMINOW-REKRUTACJI.pdf\">Pobierz<\/a><\/p>\n<p>BIULETYN INFORMACYJNY <a href=\"https:\/\/www.wroclawskieskauty.pl\/skauty-1\/wp-content\/uploads\/2026\/01\/BIULETYN-INFORMACYJNY.pdf\">Pobierz<\/a>[\/vc_column_text][\/vc_column_inner][\/vc_row_inner][\/vc_column][\/vc_row]<\/p>\n","protected":false},"excerpt":{"rendered":"<p>[vc_row css=&#8221;.vc_custom_1658406481784{padding-top: 0px !important;padding-bottom: 0px !important;}&#8221;][vc_column width=&#8221;1\/2&#8243; cms_title_size=&#8221;h2&#8243;][vc_column_text] REKRUTACJA NA ROK SZKOLNY 2026\/2027 DO PUBLICZNEGO PRZEDSZKOLA WROC\u0141AWSKIE SKAUTY VII [\/vc_column_text][vc_empty_space height=&#8221;36px&#8221;][vc_column_text] Szanowni Pa\u0144stwo, uprzejmie informujemy, \u017ce rekrutacja do Publicznego Przedszkola Wroc\u0142awskie Skauty VII na rok szkolny 2026\/2027 prowadzona b\u0119dzie z wykorzystaniem elektronicznego systemu rekrutacji prowadzonego przez miasto Wroc\u0142aw. REKRUTACJA ELEKTRONICZNA DO PRZEDSZKOLI &#8211; LINK Zapraszamy [&hellip;]<\/p>\n","protected":false},"author":1,"featured_media":0,"parent":0,"menu_order":0,"comment_status":"closed","ping_status":"closed","template":"","meta":{"footnotes":""},"class_list":["post-45","page","type-page","status-publish","hentry"],"acf":[],"_links":{"self":[{"href":"https:\/\/www.wroclawskieskauty.pl\/skauty-7\/wp-json\/wp\/v2\/pages\/45","targetHints":{"allow":["GET"]}}],"collection":[{"href":"https:\/\/www.wroclawskieskauty.pl\/skauty-7\/wp-json\/wp\/v2\/pages"}],"about":[{"href":"https:\/\/www.wroclawskieskauty.pl\/skauty-7\/wp-json\/wp\/v2\/types\/page"}],"author":[{"embeddable":true,"href":"https:\/\/www.wroclawskieskauty.pl\/skauty-7\/wp-json\/wp\/v2\/users\/1"}],"replies":[{"embeddable":true,"href":"https:\/\/www.wroclawskieskauty.pl\/skauty-7\/wp-json\/wp\/v2\/comments?post=45"}],"version-history":[{"count":37,"href":"https:\/\/www.wroclawskieskauty.pl\/skauty-7\/wp-json\/wp\/v2\/pages\/45\/revisions"}],"predecessor-version":[{"id":638,"href":"https:\/\/www.wroclawskieskauty.pl\/skauty-7\/wp-json\/wp\/v2\/pages\/45\/revisions\/638"}],"wp:attachment":[{"href":"https:\/\/www.wroclawskieskauty.pl\/skauty-7\/wp-json\/wp\/v2\/media?parent=45"}],"curies":[{"name":"wp","href":"https:\/\/api.w.org\/{rel}","templated":true}]}}