{"id":68,"date":"2022-07-20T21:39:50","date_gmt":"2022-07-20T19:39:50","guid":{"rendered":"https:\/\/www.wroclawskieskauty.pl\/skauty-7\/?page_id=68"},"modified":"2023-03-07T11:39:41","modified_gmt":"2023-03-07T10:39:41","slug":"nasza-kadra","status":"publish","type":"page","link":"https:\/\/www.wroclawskieskauty.pl\/skauty-7\/nasza-kadra\/","title":{"rendered":"Nasza Kadra"},"content":{"rendered":"<p>[vc_row][vc_column width=&#8221;1\/2&#8243; cms_title_size=&#8221;h2&#8243;][vc_column_text]<span style=\"color: #6f4792; font-size: 21px; line-height: 31px; font-weight: bold;\">Powierzenie swojego dziecka nieznanym osobom jest jednym z najbardziej stresuj\u0105cych moment\u00f3w, z kt\u00f3rym musz\u0105 si\u0119 zmierzy\u0107 Rodzice Przedszkolaka.\u00a0<\/span>[\/vc_column_text][vc_empty_space height=&#8221;36px&#8221;][vc_column_text]<\/p>\n<p class=\"font_7\"><span class=\"color_15\" style=\"color: #ff0000;\">Aby cho\u0107 troch\u0119 oswoi\u0107 ten strach i zmniejszy\u0107 Pa\u0144stwa stres, serdecznie zapraszamy na spotkanie z nami! Poznajmy si\u0119 lepiej!<\/span><\/p>\n<p class=\"font_7\">Nasza kadra to zesp\u00f3\u0142 m\u0142odych, pe\u0142nych pasji i zaanga\u017cowania nauczycieli, specjalist\u00f3w i instruktor\u00f3w, kt\u00f3rzy dbaj\u0105 o wszechstronny rozw\u00f3j swoich wychowank\u00f3w oraz o ciep\u0142\u0105 i przyjazn\u0105 atmosfer\u0119 w przedszkolu.<\/p>\n<p>W codziennej pracy nasi nauczyciele realizuj\u0105\u00a0program edukacyjny zgodny z najnowsz\u0105 podstaw\u0105 programow\u0105, rozszerzony o autorskie programy.[\/vc_column_text][\/vc_column][vc_column width=&#8221;1\/2&#8243; cms_title_size=&#8221;h2&#8243; cms_counter_border_color=&#8221;&#8221; cms_counter_bg_color=&#8221;&#8221;][vc_single_image image=&#8221;192&#8243; img_size=&#8221;large&#8221;][vc_empty_space height=&#8221;15px&#8221;][vc_column_text]<\/p>\n<div id=\"comp-jh0exgd9\" class=\"txtNew\" data-packed=\"false\" data-min-height=\"123\">\n<p class=\"font_8\"><strong>Jeste\u015bmy otwarci od poniedzia\u0142ku do pi\u0105tku, w godz. 6:30 &#8211; 17:30<\/strong><\/p>\n<\/div>\n<p>[\/vc_column_text][\/vc_column][\/vc_row][vc_row][vc_column width=&#8221;1\/4&#8243; cms_title_size=&#8221;h2&#8243;][\/vc_column][vc_column width=&#8221;1\/4&#8243;][\/vc_column][vc_column width=&#8221;1\/4&#8243;][\/vc_column][vc_column width=&#8221;1\/4&#8243;][\/vc_column][\/vc_row][vc_row css=&#8221;.vc_custom_1658686797055{padding-top: 0px !important;padding-bottom: 0px !important;}&#8221;][vc_column width=&#8221;1\/4&#8243; cms_title_size=&#8221;h2&#8243;][\/vc_column][vc_column width=&#8221;1\/4&#8243;][\/vc_column][vc_column width=&#8221;1\/4&#8243;][\/vc_column][vc_column width=&#8221;1\/4&#8243;][\/vc_column][\/vc_row]<\/p>\n","protected":false},"excerpt":{"rendered":"<p>[vc_row][vc_column width=&#8221;1\/2&#8243; cms_title_size=&#8221;h2&#8243;][vc_column_text]Powierzenie swojego dziecka nieznanym osobom jest jednym z najbardziej stresuj\u0105cych moment\u00f3w, z kt\u00f3rym musz\u0105 si\u0119 zmierzy\u0107 Rodzice Przedszkolaka.\u00a0[\/vc_column_text][vc_empty_space height=&#8221;36px&#8221;][vc_column_text] Aby cho\u0107 troch\u0119 oswoi\u0107 ten strach i zmniejszy\u0107 Pa\u0144stwa stres, serdecznie zapraszamy na spotkanie z nami! Poznajmy si\u0119 lepiej! Nasza kadra to zesp\u00f3\u0142 m\u0142odych, pe\u0142nych pasji i zaanga\u017cowania nauczycieli, specjalist\u00f3w i instruktor\u00f3w, kt\u00f3rzy dbaj\u0105 [&hellip;]<\/p>\n","protected":false},"author":1,"featured_media":0,"parent":0,"menu_order":0,"comment_status":"closed","ping_status":"closed","template":"","meta":{"footnotes":""},"class_list":["post-68","page","type-page","status-publish","hentry"],"acf":[],"_links":{"self":[{"href":"https:\/\/www.wroclawskieskauty.pl\/skauty-7\/wp-json\/wp\/v2\/pages\/68","targetHints":{"allow":["GET"]}}],"collection":[{"href":"https:\/\/www.wroclawskieskauty.pl\/skauty-7\/wp-json\/wp\/v2\/pages"}],"about":[{"href":"https:\/\/www.wroclawskieskauty.pl\/skauty-7\/wp-json\/wp\/v2\/types\/page"}],"author":[{"embeddable":true,"href":"https:\/\/www.wroclawskieskauty.pl\/skauty-7\/wp-json\/wp\/v2\/users\/1"}],"replies":[{"embeddable":true,"href":"https:\/\/www.wroclawskieskauty.pl\/skauty-7\/wp-json\/wp\/v2\/comments?post=68"}],"version-history":[{"count":13,"href":"https:\/\/www.wroclawskieskauty.pl\/skauty-7\/wp-json\/wp\/v2\/pages\/68\/revisions"}],"predecessor-version":[{"id":320,"href":"https:\/\/www.wroclawskieskauty.pl\/skauty-7\/wp-json\/wp\/v2\/pages\/68\/revisions\/320"}],"wp:attachment":[{"href":"https:\/\/www.wroclawskieskauty.pl\/skauty-7\/wp-json\/wp\/v2\/media?parent=68"}],"curies":[{"name":"wp","href":"https:\/\/api.w.org\/{rel}","templated":true}]}}