{"id":329,"date":"2022-12-16T09:57:07","date_gmt":"2022-12-16T08:57:07","guid":{"rendered":"https:\/\/www.wroclawskieskauty.pl\/zlobek-1\/?page_id=329"},"modified":"2026-02-12T09:15:11","modified_gmt":"2026-02-12T08:15:11","slug":"oplaty","status":"publish","type":"page","link":"https:\/\/www.wroclawskieskauty.pl\/zlobek-1\/oplaty\/","title":{"rendered":"Op\u0142aty"},"content":{"rendered":"<p><strong>Odp\u0142atno\u015b\u0107 za pobyt dziecka w \u017c\u0142obku w roku 2025\/2026 sk\u0142ada si\u0119 z:<\/strong><\/p>\n<p>1) comiesi\u0119cznej sta\u0142ej op\u0142aty za ca\u0142odzienn\u0105 opiek\u0119 nad dzieckiem: &#8211; <strong>2 000<\/strong> (<strong>s\u0142ownie: 2 dwa tysi\u0105ce<\/strong>) z\u0142otych, <strong>w tym:<\/strong><\/p>\n<ul>\n<li>dotacja celowa z Gminy Wroc\u0142aw \u2013 <strong>400<\/strong> (s\u0142ownie: <strong>czterysta<\/strong>) z\u0142otych &#8211; \u00a7 2 ust. 2 uchwa\u0142y nr XV\/292\/25 Rady Miejskiej Wroc\u0142awia z dnia 20 marca 2025 roku w <em>sprawie wysoko\u015bci i zasad ustalania oraz rozliczania dotacji celowych\u00a0dla podmiot\u00f3w prowadz\u0105cych niepubliczny \u017c\u0142obek lub klub dzieci\u0119cy na obszarze Gminy Wroc\u0142aw;<\/em><\/li>\n<li>ewentualna mo\u017cliwo\u015b\u0107 skorzystania z programu <em>\u201eAktywnie w \u017c\u0142obku\u201d \u2013<\/em> <strong>1\u00a0500<\/strong> (s\u0142ownie <strong>tysi\u0105c pi\u0119\u0107set<\/strong>) z\u0142otych \u2013 wyp\u0142acane przez Zak\u0142ad Ubezpiecze\u0144 Spo\u0142ecznych \u2013 art. 15 ust. 3 ustawy z dnie 15 maja 2024 roku<em> o wspieraniu rodzic\u00f3w w \u00a0aktywno\u015bci zawodowej oraz w wychowywaniu dziecka \u2013 \u201eAktywny rodzic\u201d<\/em><em> \u00a0<\/em><\/li>\n<\/ul>\n<p>2) op\u0142aty za zaj\u0119cia dodatkowe poza podstawow\u0105 ofert\u0105 \u2013 200 z\u0142otych;<\/p>\n<p>3) comiesi\u0119cznej op\u0142aty za wy\u017cywienie:<\/p>\n<ul>\n<li>wy\u017cywienie bez diety \u2013 22,50 z\u0142\/dziennie;<\/li>\n<li>wy\u017cywienie z diet\u0105 \u2013 24,50 z\u0142\/dziennie;<\/li>\n<li>wy\u017cywienie z diet\u0105 specjalistyczn\u0105 &#8211; 26,50 z\u0142\/dziennie;<\/li>\n<\/ul>\n<p>4) op\u0142ata roczna &#8211; 600 z\u0142otych.<\/p>\n","protected":false},"excerpt":{"rendered":"<p>Odp\u0142atno\u015b\u0107 za pobyt dziecka w \u017c\u0142obku w roku 2025\/2026 sk\u0142ada si\u0119 z: 1) comiesi\u0119cznej sta\u0142ej op\u0142aty za ca\u0142odzienn\u0105 opiek\u0119 nad dzieckiem: &#8211; 2 000 (s\u0142ownie: 2 dwa tysi\u0105ce) z\u0142otych, w tym: dotacja celowa z Gminy Wroc\u0142aw \u2013 400 (s\u0142ownie: czterysta) z\u0142otych &#8211; \u00a7 2 ust. 2 uchwa\u0142y nr XV\/292\/25 Rady Miejskiej Wroc\u0142awia z dnia 20 [&hellip;]<\/p>\n","protected":false},"author":3,"featured_media":0,"parent":0,"menu_order":0,"comment_status":"closed","ping_status":"closed","template":"","meta":{"footnotes":""},"class_list":["post-329","page","type-page","status-publish","hentry"],"acf":[],"_links":{"self":[{"href":"https:\/\/www.wroclawskieskauty.pl\/zlobek-1\/wp-json\/wp\/v2\/pages\/329","targetHints":{"allow":["GET"]}}],"collection":[{"href":"https:\/\/www.wroclawskieskauty.pl\/zlobek-1\/wp-json\/wp\/v2\/pages"}],"about":[{"href":"https:\/\/www.wroclawskieskauty.pl\/zlobek-1\/wp-json\/wp\/v2\/types\/page"}],"author":[{"embeddable":true,"href":"https:\/\/www.wroclawskieskauty.pl\/zlobek-1\/wp-json\/wp\/v2\/users\/3"}],"replies":[{"embeddable":true,"href":"https:\/\/www.wroclawskieskauty.pl\/zlobek-1\/wp-json\/wp\/v2\/comments?post=329"}],"version-history":[{"count":14,"href":"https:\/\/www.wroclawskieskauty.pl\/zlobek-1\/wp-json\/wp\/v2\/pages\/329\/revisions"}],"predecessor-version":[{"id":897,"href":"https:\/\/www.wroclawskieskauty.pl\/zlobek-1\/wp-json\/wp\/v2\/pages\/329\/revisions\/897"}],"wp:attachment":[{"href":"https:\/\/www.wroclawskieskauty.pl\/zlobek-1\/wp-json\/wp\/v2\/media?parent=329"}],"curies":[{"name":"wp","href":"https:\/\/api.w.org\/{rel}","templated":true}]}}