{"id":42,"date":"2022-07-18T23:23:38","date_gmt":"2022-07-18T21:23:38","guid":{"rendered":"http:\/\/localhost\/skauty_1\/?page_id=42"},"modified":"2026-01-30T12:36:17","modified_gmt":"2026-01-30T11:36:17","slug":"kontakt","status":"publish","type":"page","link":"https:\/\/www.wroclawskieskauty.pl\/zlobek-1\/kontakt\/","title":{"rendered":"Kontakt"},"content":{"rendered":"<p>[vc_row][vc_column width=&#8221;1\/3&#8243;][vc_column_text]<\/p>\n<h3 class=\"title\">\u017b\u0142obek &#8222;Ma\u0142e Skauty I&#8221;<\/h3>\n<p>[\/vc_column_text][vc_row_inner][vc_column_inner][vc_column_text]ul. Radkowska 26, Wroc\u0142aw<\/p>\n<p><a href=\"tel:690 044 875\">533 841 455<\/a><\/p>\n<p><a href=\"mailto:biuro1@wroclawskieskauty.pl\">\u00a0biuro4@wroclawskieskauty.pl<\/a><\/p>\n<p><i class=\"fa-brands fa-facebook-f\"><\/i><a href=\"https:\/\/www.facebook.com\/wroclawskieskauty\/\">\u00a0facebook.com\/wroclawskieskauty\/<\/a><\/p>\n<p>&nbsp;<\/p>\n<h3><strong>SEKRETARIAT \u017b\u0141OBKA CZYNNY:<\/strong><\/h3>\n<p><strong>PONIEDZIA\u0141EK:<\/strong> 8:00-15:00<\/p>\n<p><strong>WTOREK:<\/strong> 8:00-15:00<\/p>\n<p><strong>\u015aRODA:<\/strong>\u00a0PRACE ADMINISTRACYJNE \u2013 ZAMKNIETE<\/p>\n<p><strong>CZWARTEK:<\/strong> 8:00-15:00<\/p>\n<p><strong>PI\u0104TEK:<\/strong>\u00a0PRACE ADMINISTRACYJNE \u2013 ZAMKNI\u0118TE[\/vc_column_text][\/vc_column_inner][\/vc_row_inner][\/vc_column][vc_column width=&#8221;2\/3&#8243;][vc_gmaps link=&#8221;#E-8_JTNDaWZyYW1lJTIwc3JjJTNEJTIyaHR0cHMlM0ElMkYlMkZ3d3cuZ29vZ2xlLmNvbSUyRm1hcHMlMkZlbWJlZCUzRnBiJTNEJTIxMW0xNCUyMTFtOCUyMTFtMyUyMTFkMTAwMjcuNTkyMjI0NjQ0NzkyJTIxMmQxNy4wNDUwODk4JTIxM2Q1MS4wNzM0MzE5JTIxM20yJTIxMWkxMDI0JTIxMmk3NjglMjE0ZjEzLjElMjEzbTMlMjExbTIlMjExczB4MCUyNTNBMHhhZGExZmM1ODllNTcxYmRmJTIxMnp4YnZGZ205aVpXc2dJazFoeFlKbElGTnJZWFYwZVNCSklnJTIxNWUwJTIxM20yJTIxMXNwbCUyMTJzcGwlMjE0djE2NzExNzk2NjgyMTUlMjE1bTIlMjExc3BsJTIxMnNwbCUyMiUyMHdpZHRoJTNEJTIyNjAwJTIyJTIwaGVpZ2h0JTNEJTIyNDUwJTIyJTIwc3R5bGUlM0QlMjJib3JkZXIlM0EwJTNCJTIyJTIwYWxsb3dmdWxsc2NyZWVuJTNEJTIyJTIyJTIwbG9hZGluZyUzRCUyMmxhenklMjIlMjByZWZlcnJlcnBvbGljeSUzRCUyMm5vLXJlZmVycmVyLXdoZW4tZG93bmdyYWRlJTIyJTNFJTNDJTJGaWZyYW1lJTNF&#8221; size=&#8221;450px&#8221;][\/vc_column][\/vc_row]<\/p>\n","protected":false},"excerpt":{"rendered":"<p>[vc_row][vc_column width=&#8221;1\/3&#8243;][vc_column_text] \u017b\u0142obek &#8222;Ma\u0142e Skauty I&#8221; [\/vc_column_text][vc_row_inner][vc_column_inner][vc_column_text]ul. Radkowska 26, Wroc\u0142aw 533 841 455 \u00a0biuro4@wroclawskieskauty.pl \u00a0facebook.com\/wroclawskieskauty\/ &nbsp; SEKRETARIAT \u017b\u0141OBKA CZYNNY: PONIEDZIA\u0141EK: 8:00-15:00 WTOREK: 8:00-15:00 \u015aRODA:\u00a0PRACE ADMINISTRACYJNE \u2013 ZAMKNIETE CZWARTEK: 8:00-15:00 PI\u0104TEK:\u00a0PRACE ADMINISTRACYJNE \u2013 ZAMKNI\u0118TE[\/vc_column_text][\/vc_column_inner][\/vc_row_inner][\/vc_column][vc_column width=&#8221;2\/3&#8243;][vc_gmaps link=&#8221;#E-8_JTNDaWZyYW1lJTIwc3JjJTNEJTIyaHR0cHMlM0ElMkYlMkZ3d3cuZ29vZ2xlLmNvbSUyRm1hcHMlMkZlbWJlZCUzRnBiJTNEJTIxMW0xNCUyMTFtOCUyMTFtMyUyMTFkMTAwMjcuNTkyMjI0NjQ0NzkyJTIxMmQxNy4wNDUwODk4JTIxM2Q1MS4wNzM0MzE5JTIxM20yJTIxMWkxMDI0JTIxMmk3NjglMjE0ZjEzLjElMjEzbTMlMjExbTIlMjExczB4MCUyNTNBMHhhZGExZmM1ODllNTcxYmRmJTIxMnp4YnZGZ205aVpXc2dJazFoeFlKbElGTnJZWFYwZVNCSklnJTIxNWUwJTIxM20yJTIxMXNwbCUyMTJzcGwlMjE0djE2NzExNzk2NjgyMTUlMjE1bTIlMjExc3BsJTIxMnNwbCUyMiUyMHdpZHRoJTNEJTIyNjAwJTIyJTIwaGVpZ2h0JTNEJTIyNDUwJTIyJTIwc3R5bGUlM0QlMjJib3JkZXIlM0EwJTNCJTIyJTIwYWxsb3dmdWxsc2NyZWVuJTNEJTIyJTIyJTIwbG9hZGluZyUzRCUyMmxhenklMjIlMjByZWZlcnJlcnBvbGljeSUzRCUyMm5vLXJlZmVycmVyLXdoZW4tZG93bmdyYWRlJTIyJTNFJTNDJTJGaWZyYW1lJTNF&#8221; size=&#8221;450px&#8221;][\/vc_column][\/vc_row]<\/p>\n","protected":false},"author":1,"featured_media":0,"parent":0,"menu_order":0,"comment_status":"closed","ping_status":"closed","template":"","meta":{"footnotes":""},"class_list":["post-42","page","type-page","status-publish","hentry"],"acf":[],"_links":{"self":[{"href":"https:\/\/www.wroclawskieskauty.pl\/zlobek-1\/wp-json\/wp\/v2\/pages\/42","targetHints":{"allow":["GET"]}}],"collection":[{"href":"https:\/\/www.wroclawskieskauty.pl\/zlobek-1\/wp-json\/wp\/v2\/pages"}],"about":[{"href":"https:\/\/www.wroclawskieskauty.pl\/zlobek-1\/wp-json\/wp\/v2\/types\/page"}],"author":[{"embeddable":true,"href":"https:\/\/www.wroclawskieskauty.pl\/zlobek-1\/wp-json\/wp\/v2\/users\/1"}],"replies":[{"embeddable":true,"href":"https:\/\/www.wroclawskieskauty.pl\/zlobek-1\/wp-json\/wp\/v2\/comments?post=42"}],"version-history":[{"count":30,"href":"https:\/\/www.wroclawskieskauty.pl\/zlobek-1\/wp-json\/wp\/v2\/pages\/42\/revisions"}],"predecessor-version":[{"id":887,"href":"https:\/\/www.wroclawskieskauty.pl\/zlobek-1\/wp-json\/wp\/v2\/pages\/42\/revisions\/887"}],"wp:attachment":[{"href":"https:\/\/www.wroclawskieskauty.pl\/zlobek-1\/wp-json\/wp\/v2\/media?parent=42"}],"curies":[{"name":"wp","href":"https:\/\/api.w.org\/{rel}","templated":true}]}}