{"id":45,"date":"2022-07-18T23:26:07","date_gmt":"2022-07-18T21:26:07","guid":{"rendered":"http:\/\/localhost\/skauty_1\/?page_id=45"},"modified":"2025-02-21T11:23:26","modified_gmt":"2025-02-21T10:23:26","slug":"rekrutacja","status":"publish","type":"page","link":"https:\/\/www.wroclawskieskauty.pl\/zlobek-1\/rekrutacja\/","title":{"rendered":"Rekrutacja"},"content":{"rendered":"<p>[vc_row css=&#8221;.vc_custom_1658406481784{padding-top: 0px !important;padding-bottom: 0px !important;}&#8221;][vc_column width=&#8221;1\/2&#8243; cms_title_size=&#8221;h2&#8243;][vc_column_text]<\/p>\n<h4 style=\"text-align: center;\"><span style=\"color: #d41f30;\"><strong>REKRUTACJA NA ROK SZKOLNY 2024\/2025 <\/strong><\/span><\/h4>\n<h4 style=\"text-align: center;\"><span style=\"color: #d41f30;\"><strong>DO \u017b\u0141OBKA <\/strong><\/span><span style=\"color: #d41f30;\"><strong>&#8222;MA\u0141E SKAUTY I&#8221; <\/strong><\/span><\/h4>\n<p>[\/vc_column_text][vc_empty_space height=&#8221;36px&#8221;][vc_column_text]<\/p>\n<p style=\"text-align: center;\"><strong>Rekrutacja do \u017c\u0142obka <\/strong><strong>na rok szkolny 2024\/2025<\/strong><\/p>\n<p><center><strong>odbywa si\u0119 za pomoc\u0105 systemu elektronicznego<\/strong><\/center><center><\/center><center><\/center><center><strong>link do strony <a href=\"https:\/\/rekrutacja-zlobki.um.wroc.pl\/\">kliknij<\/a><\/strong><\/center>[\/vc_column_text][vc_empty_space height=&#8221;36px&#8221;][vc_separator][vc_column_text]<\/p>\n<p style=\"text-align: center;\">ZARZ\u0104DZENIE NR 12161\/23 PREZYDENTA WROC\u0141AWIA z dnia 27 grudnia 2023 r. w sprawie przyj\u0119cia zasad post\u0119powania i kryteri\u00f3w rekrutacji do \u017c\u0142obk\u00f3w wchodz\u0105cych w sk\u0142ad Wroc\u0142awskiego Zespo\u0142u \u017b\u0142obk\u00f3w oraz \u017c\u0142obk\u00f3w niepublicznych, klub\u00f3w dzieci\u0119cych i dziennych opiekun\u00f3w, z miejscami dotowanymi przez gmin\u0119 Wroc\u0142aw<\/p>\n<p style=\"text-align: center;\"><a href=\"https:\/\/www.wroclawskieskauty.pl\/zlobek-1\/wp-content\/uploads\/2025\/02\/ZARZADZENIENR12161_23PREZYDENTAWROCLAWIAzdnia27grudnia2023r.-4.pdf\"><strong>POBIERZ<\/strong><\/a><\/p>\n<p style=\"text-align: center;\">Zarz\u0105dzenie Nr 12787\/24 w sprawie szczeg\u00f3\u0142owego harmonogramu rekrutacji 2024\/2025<\/p>\n<p style=\"text-align: center;\"><strong><a href=\"https:\/\/www.wroclawskieskauty.pl\/zlobek-1\/wp-content\/uploads\/2025\/02\/ZarzadzenieNr12787_24wsprawieszczegolowegoharmonogramurekrutacji2024_2025.pdf\">POBIERZ<\/a><\/strong><\/p>\n<p>[\/vc_column_text][vc_empty_space height=&#8221;36px&#8221;][\/vc_column][vc_column width=&#8221;1\/2&#8243;][vc_row_inner][vc_column_inner][vc_images_carousel images=&#8221;115,117,116&#8243; img_size=&#8221;360&#215;200&#8243; autoplay=&#8221;yes&#8221; wrap=&#8221;yes&#8221; el_class=&#8221;img-fluid&#8221;][vc_empty_space height=&#8221;36px&#8221;][\/vc_column_inner][\/vc_row_inner][\/vc_column][\/vc_row]<\/p>\n","protected":false},"excerpt":{"rendered":"<p>[vc_row css=&#8221;.vc_custom_1658406481784{padding-top: 0px !important;padding-bottom: 0px !important;}&#8221;][vc_column width=&#8221;1\/2&#8243; cms_title_size=&#8221;h2&#8243;][vc_column_text] REKRUTACJA NA ROK SZKOLNY 2024\/2025 DO \u017b\u0141OBKA &#8222;MA\u0141E SKAUTY I&#8221; [\/vc_column_text][vc_empty_space height=&#8221;36px&#8221;][vc_column_text] Rekrutacja do \u017c\u0142obka na rok szkolny 2024\/2025 odbywa si\u0119 za pomoc\u0105 systemu elektronicznegolink do strony kliknij[\/vc_column_text][vc_empty_space height=&#8221;36px&#8221;][vc_separator][vc_column_text] ZARZ\u0104DZENIE NR 12161\/23 PREZYDENTA WROC\u0141AWIA z dnia 27 grudnia 2023 r. w sprawie przyj\u0119cia zasad post\u0119powania i kryteri\u00f3w [&hellip;]<\/p>\n","protected":false},"author":1,"featured_media":0,"parent":0,"menu_order":0,"comment_status":"closed","ping_status":"closed","template":"","meta":{"footnotes":""},"class_list":["post-45","page","type-page","status-publish","hentry"],"acf":[],"_links":{"self":[{"href":"https:\/\/www.wroclawskieskauty.pl\/zlobek-1\/wp-json\/wp\/v2\/pages\/45","targetHints":{"allow":["GET"]}}],"collection":[{"href":"https:\/\/www.wroclawskieskauty.pl\/zlobek-1\/wp-json\/wp\/v2\/pages"}],"about":[{"href":"https:\/\/www.wroclawskieskauty.pl\/zlobek-1\/wp-json\/wp\/v2\/types\/page"}],"author":[{"embeddable":true,"href":"https:\/\/www.wroclawskieskauty.pl\/zlobek-1\/wp-json\/wp\/v2\/users\/1"}],"replies":[{"embeddable":true,"href":"https:\/\/www.wroclawskieskauty.pl\/zlobek-1\/wp-json\/wp\/v2\/comments?post=45"}],"version-history":[{"count":37,"href":"https:\/\/www.wroclawskieskauty.pl\/zlobek-1\/wp-json\/wp\/v2\/pages\/45\/revisions"}],"predecessor-version":[{"id":742,"href":"https:\/\/www.wroclawskieskauty.pl\/zlobek-1\/wp-json\/wp\/v2\/pages\/45\/revisions\/742"}],"wp:attachment":[{"href":"https:\/\/www.wroclawskieskauty.pl\/zlobek-1\/wp-json\/wp\/v2\/media?parent=45"}],"curies":[{"name":"wp","href":"https:\/\/api.w.org\/{rel}","templated":true}]}}