{"id":68,"date":"2022-07-20T21:39:50","date_gmt":"2022-07-20T19:39:50","guid":{"rendered":"http:\/\/localhost\/skauty_1\/?page_id=68"},"modified":"2023-01-18T14:45:43","modified_gmt":"2023-01-18T13:45:43","slug":"nasza-kadra","status":"publish","type":"page","link":"https:\/\/www.wroclawskieskauty.pl\/zlobek-1\/nasza-kadra\/","title":{"rendered":"Kadra"},"content":{"rendered":"<p>[vc_row][vc_column width=&#8221;1\/2&#8243; cms_title_size=&#8221;h2&#8243;][vc_column_text]<span style=\"color: #6f4792; font-size: 21px; line-height: 31px; font-weight: bold;\">Powierzenie swojego dziecka nieznanym osobom jest jednym z najbardziej stresuj\u0105cych moment\u00f3w, z kt\u00f3rym musz\u0105 si\u0119 zmierzy\u0107 Rodzice.<\/span>[\/vc_column_text][vc_empty_space height=&#8221;36px&#8221;][vc_column_text]<\/p>\n<p class=\"font_7\"><span class=\"color_15\" style=\"color: #ff0000;\">Aby cho\u0107 troch\u0119 oswoi\u0107 ten strach i zmniejszy\u0107 Pa\u0144stwa stres, serdecznie zapraszamy na spotkanie z nami! Poznajmy si\u0119 lepiej!<\/span><\/p>\n<p>Zgodnie z Ustaw\u0105 z dnia 4 lutego 2011 r. o opiece nad dzie\u0107mi w wieku do lat 3 sk\u0142ad personelu zatrudnionego w \u017c\u0142obku jest dostosowany do liczby dzieci ucz\u0119szczaj\u0105cych do plac\u00f3wki.<\/p>\n<p>Jeden opiekun mo\u017ce sprawowa\u0107 opiek\u0119 w \u017c\u0142obku \u2013 nad maksymalnie o\u015bmiorgiem dzieci, a w przypadku gdy w grupie znajduje si\u0119 dziecko niepe\u0142nosprawne, dziecko wymagaj\u0105ce szczeg\u00f3lnej opieki lub dziecko, kt\u00f3re nie uko\u0144czy\u0142o pierwszego roku \u017cycia maksymalnie nad pi\u0119ciorgiem dzieci.<\/p>\n<p>Opiekunki legitymuj\u0105 si\u0119 odpowiednimi kwalifikacjami, zgodnie zobowi\u0105zuj\u0105cymi przepisami prawnymi. Wszyscy pracownicy \u017c\u0142obka posiadaj\u0105 za\u015bwiadczenia o niekaralno\u015bci i nie figuruj\u0105 w bazie danych Rejestru Sprawc\u00f3w Przest\u0119pstw na Tle Seksualnym z dost\u0119pem ograniczonym lub nie zosta\u0142y skazane prawomocnym wyrokiem za inne przest\u0119pstwo umy\u015blne.<\/p>\n<p>Personel opieku\u0144czy przeszkolony jest\u00a0 z zakresu udzielania pierwszej pomocy.[\/vc_column_text][\/vc_column][vc_column width=&#8221;1\/2&#8243; cms_title_size=&#8221;h2&#8243; cms_counter_border_color=&#8221;&#8221; cms_counter_bg_color=&#8221;&#8221;][vc_single_image image=&#8221;192&#8243; img_size=&#8221;large&#8221;][vc_empty_space height=&#8221;15px&#8221;][vc_column_text]<\/p>\n<div id=\"comp-jh0exgd9\" class=\"txtNew\" data-packed=\"false\" data-min-height=\"123\">\n<p class=\"font_8\"><strong>Jeste\u015bmy otwarci od poniedzia\u0142ku do pi\u0105tku, w godz. 7:00 &#8211; 17:00<\/strong><\/p>\n<\/div>\n<p>[\/vc_column_text][\/vc_column][\/vc_row]<\/p>\n","protected":false},"excerpt":{"rendered":"<p>[vc_row][vc_column width=&#8221;1\/2&#8243; cms_title_size=&#8221;h2&#8243;][vc_column_text]Powierzenie swojego dziecka nieznanym osobom jest jednym z najbardziej stresuj\u0105cych moment\u00f3w, z kt\u00f3rym musz\u0105 si\u0119 zmierzy\u0107 Rodzice.[\/vc_column_text][vc_empty_space height=&#8221;36px&#8221;][vc_column_text] Aby cho\u0107 troch\u0119 oswoi\u0107 ten strach i zmniejszy\u0107 Pa\u0144stwa stres, serdecznie zapraszamy na spotkanie z nami! Poznajmy si\u0119 lepiej! Zgodnie z Ustaw\u0105 z dnia 4 lutego 2011 r. o opiece nad dzie\u0107mi w wieku do [&hellip;]<\/p>\n","protected":false},"author":1,"featured_media":0,"parent":0,"menu_order":0,"comment_status":"closed","ping_status":"closed","template":"","meta":{"footnotes":""},"class_list":["post-68","page","type-page","status-publish","hentry"],"acf":[],"_links":{"self":[{"href":"https:\/\/www.wroclawskieskauty.pl\/zlobek-1\/wp-json\/wp\/v2\/pages\/68","targetHints":{"allow":["GET"]}}],"collection":[{"href":"https:\/\/www.wroclawskieskauty.pl\/zlobek-1\/wp-json\/wp\/v2\/pages"}],"about":[{"href":"https:\/\/www.wroclawskieskauty.pl\/zlobek-1\/wp-json\/wp\/v2\/types\/page"}],"author":[{"embeddable":true,"href":"https:\/\/www.wroclawskieskauty.pl\/zlobek-1\/wp-json\/wp\/v2\/users\/1"}],"replies":[{"embeddable":true,"href":"https:\/\/www.wroclawskieskauty.pl\/zlobek-1\/wp-json\/wp\/v2\/comments?post=68"}],"version-history":[{"count":15,"href":"https:\/\/www.wroclawskieskauty.pl\/zlobek-1\/wp-json\/wp\/v2\/pages\/68\/revisions"}],"predecessor-version":[{"id":367,"href":"https:\/\/www.wroclawskieskauty.pl\/zlobek-1\/wp-json\/wp\/v2\/pages\/68\/revisions\/367"}],"wp:attachment":[{"href":"https:\/\/www.wroclawskieskauty.pl\/zlobek-1\/wp-json\/wp\/v2\/media?parent=68"}],"curies":[{"name":"wp","href":"https:\/\/api.w.org\/{rel}","templated":true}]}}