{"id":78,"date":"2022-07-21T13:13:34","date_gmt":"2022-07-21T11:13:34","guid":{"rendered":"http:\/\/localhost\/skauty_1\/?page_id=78"},"modified":"2022-12-16T10:05:22","modified_gmt":"2022-12-16T09:05:22","slug":"o-nas","status":"publish","type":"page","link":"https:\/\/www.wroclawskieskauty.pl\/zlobek-1\/o-nas\/","title":{"rendered":"O nas"},"content":{"rendered":"<p>[vc_row][vc_column][vc_column_text]<strong>Opis \u017c\u0142obka<\/strong><br \/>\n\u017b\u0142obek \u201eMa\u0142e Skauty I\u201d przy ul. Radkowskiej 26 mie\u015bci si\u0119 w nowoczesnym, bezpiecznym i dobrze wyposa\u017conym budynku wraz z atrakcyjnym placem zabaw. W sk\u0142ad \u017c\u0142obka wchodz\u0105 3 sale z toaletami wyposa\u017conymi w urz\u0105dzenia sanitarne dostosowane do dzieci w wieku \u017c\u0142obkowym. Zaj\u0119cia dla dzieci prowadzone s\u0105 w jasnych, przestronnych i klimatyzowanych salach, kt\u00f3re bogato s\u0105 wyposa\u017cone w zabawki i pomoce dydaktyczne. Dzieci czuj\u0105 si\u0119 tu komfortowo, rado\u015bnie sp\u0119dzaj\u0105c czas na zabawie, a nad ich bezpiecze\u0144stwem czuwa m. in. monitoring z 60 dniowym dost\u0119pem do danych archiwalnych.<br \/>\nNasza Kadra to zesp\u00f3\u0142 do\u015bwiadczonych opiekunek, kt\u00f3re cechuje empatia, zaanga\u017cowanie oraz ogromna kreatywno\u015b\u0107. Nasze opiekunki codziennie dbaj\u0105 o domow\u0105 atmosfer\u0119, s\u0105 oddane dzieciom i wk\u0142adaj\u0105 w prac\u0119 ca\u0142e swoje serce.<br \/>\nW \u017c\u0142obku realizowany jest bogaty program edukacyjny wraz z j\u0119zykiem angielskim. Zaproponowana zostanie r\u00f3wnie\u017c wyj\u0105tkowa oferta zaj\u0119\u0107 dodatkowych, takich jak: dogoterapia, muzykoterapia, zaj\u0119cia z logoped\u0105 i psychologiem, zaj\u0119cia z elementami SI, zaj\u0119cia z wykorzystaniem interaktywnej pod\u0142ogi. Nasza plac\u00f3wka posiada r\u00f3wnie\u017c wieloosobowe w\u00f3zki, z kt\u00f3rych dzieci korzystaj\u0105 podczas spacer\u00f3w w pobliskie tereny zielone.<br \/>\nW \u017c\u0142obku \u201eMa\u0142e Skauty I&#8221; postawiono na zdrowe od\u017cywianie, dlatego te\u017c posi\u0142ki dla naszych dzieci przygotowywane s\u0105 przez profesjonaln\u0105 kadr\u0119. Wszystkie podawane posi\u0142ki s\u0105 pe\u0142nowarto\u015bciowe i przygotowywane z wysokiej jako\u015bci sk\u0142adnik\u00f3w. Korzystamy z naturalnych, nieprzetworzonych produkt\u00f3w, niezawieraj\u0105cych cukru &#8211; ogromn\u0105 wag\u0119 przywi\u0105zujemy do sezonowo\u015bci, naturalno\u015bci i pochodzenia produkt\u00f3w.<br \/>\n<\/em><\/p>\n<p><u>Dost\u0119pno\u015b\u0107 architektoniczna<\/u><\/p>\n<p><u><br \/>\n<\/u><strong>Budynek<\/strong> &#8211; \u017b\u0142obek \u201eMa\u0142e Skauty I\u201d ul. Radkowska 26, 50-537 Wroc\u0142aw<\/p>\n<p>Opieka nad dzie\u0107mi do lat 3,<\/p>\n<p><strong>Godziny pracy \u017c\u0142obka<\/strong>: 07:00-17:00<\/p>\n<p><strong>Dojazd do \u017b\u0142obka &#8222;Ma\u0142e Skauty I&#8221; ul Radkowska 26<\/strong><br \/>\n1) w odleg\u0142o\u015bci ok. 630 metr\u00f3w od wej\u015bcia g\u0142\u00f3wnego do \u017c\u0142obka znajduje si\u0119 przystanek MPK<br \/>\n\u2013 ul. \u015awieradowska \u2013 linia 31, 32, 136 145 oraz K; (stan na 07.05.2021r.)<\/p>\n<p>2) w odleg\u0142o\u015bci ok. 550 metr\u00f3w od wej\u015bcia g\u0142\u00f3wnego do \u017c\u0142obka znajduje si\u0119 przystanek MPK<br \/>\n\u2013 przystanek Gaj \u2013 linia 136 145 oraz K. (stan na 07.05.2021r.)<\/p>\n<p><strong>Dost\u0119pno\u015b\u0107 wej\u015bcia<\/strong><br \/>\n1) do budynku prowadz\u0105 dwa wej\u015bcie od strony ul. Radkowskiej;<br \/>\n2) wej\u015bcia do budynku jest zabezpieczone systemem kart wst\u0119pu.<br \/>\n3) wej\u015bcia nie posiadaj\u0105 utrudnie\u0144 architektonicznych w postaci schod\u00f3w.<br \/>\n4) nad wej\u015bciem nie ma g\u0142o\u015bnik\u00f3w systemu naprowadzaj\u0105cego d\u017awi\u0119kowo osoby niewidome i s\u0142abowidz\u0105ce.<br \/>\n5) do budynku i pomieszcze\u0144 og\u00f3lnodost\u0119pnych mo\u017cna wej\u015b\u0107 z psem asystuj\u0105cym i psem przewodnikiem.<\/p>\n<p><strong>Dost\u0119pno\u015b\u0107 parkingu<\/strong><br \/>\nPrzy budynku jest parking przeznaczony dla rodzic\u00f3w.<\/p>\n<p><strong>Dost\u0119pno\u015b\u0107 toalety<\/strong><br \/>\nW budynku jest toaleta dla os\u00f3b niepe\u0142nosprawnych.<\/p>\n<p>&nbsp;[\/vc_column_text][\/vc_column][\/vc_row]<\/p>\n","protected":false},"excerpt":{"rendered":"<p>[vc_row][vc_column][vc_column_text]Opis \u017c\u0142obka \u017b\u0142obek \u201eMa\u0142e Skauty I\u201d przy ul. Radkowskiej 26 mie\u015bci si\u0119 w nowoczesnym, bezpiecznym i dobrze wyposa\u017conym budynku wraz z atrakcyjnym placem zabaw. W sk\u0142ad \u017c\u0142obka wchodz\u0105 3 sale z toaletami wyposa\u017conymi w urz\u0105dzenia sanitarne dostosowane do dzieci w wieku \u017c\u0142obkowym. Zaj\u0119cia dla dzieci prowadzone s\u0105 w jasnych, przestronnych i klimatyzowanych salach, kt\u00f3re bogato [&hellip;]<\/p>\n","protected":false},"author":1,"featured_media":0,"parent":0,"menu_order":0,"comment_status":"closed","ping_status":"closed","template":"","meta":{"footnotes":""},"class_list":["post-78","page","type-page","status-publish","hentry"],"acf":[],"_links":{"self":[{"href":"https:\/\/www.wroclawskieskauty.pl\/zlobek-1\/wp-json\/wp\/v2\/pages\/78","targetHints":{"allow":["GET"]}}],"collection":[{"href":"https:\/\/www.wroclawskieskauty.pl\/zlobek-1\/wp-json\/wp\/v2\/pages"}],"about":[{"href":"https:\/\/www.wroclawskieskauty.pl\/zlobek-1\/wp-json\/wp\/v2\/types\/page"}],"author":[{"embeddable":true,"href":"https:\/\/www.wroclawskieskauty.pl\/zlobek-1\/wp-json\/wp\/v2\/users\/1"}],"replies":[{"embeddable":true,"href":"https:\/\/www.wroclawskieskauty.pl\/zlobek-1\/wp-json\/wp\/v2\/comments?post=78"}],"version-history":[{"count":6,"href":"https:\/\/www.wroclawskieskauty.pl\/zlobek-1\/wp-json\/wp\/v2\/pages\/78\/revisions"}],"predecessor-version":[{"id":334,"href":"https:\/\/www.wroclawskieskauty.pl\/zlobek-1\/wp-json\/wp\/v2\/pages\/78\/revisions\/334"}],"wp:attachment":[{"href":"https:\/\/www.wroclawskieskauty.pl\/zlobek-1\/wp-json\/wp\/v2\/media?parent=78"}],"curies":[{"name":"wp","href":"https:\/\/api.w.org\/{rel}","templated":true}]}}