{"id":80,"date":"2022-07-21T13:13:51","date_gmt":"2022-07-21T11:13:51","guid":{"rendered":"http:\/\/localhost\/skauty_1\/?page_id=80"},"modified":"2025-05-20T14:33:15","modified_gmt":"2025-05-20T12:33:15","slug":"oferta-zajec","status":"publish","type":"page","link":"https:\/\/www.wroclawskieskauty.pl\/zlobek-1\/oferta-zajec\/","title":{"rendered":"Zaj\u0119cia dodatkowe"},"content":{"rendered":"<p>[vc_row][vc_column width=&#8221;1\/2&#8243; cms_title_size=&#8221;h2&#8243;][vc_empty_space height=&#8221;36px&#8221;][vc_column_text]<strong>1) zaj\u0119cia cztery razy w miesi\u0105cu:<\/strong><\/p>\n<p>a.\u00a0 sensoplastyka,<\/p>\n<p>b. muzykoterapia,<\/p>\n<p>c. zaj\u0119cia z elementami integracji sensorycznej,<\/p>\n<p>d. zaj\u0119cia z logoped\u0105;<\/p>\n<p><strong>2) zaj\u0119cia dwa razy w miesi\u0105cu:<\/strong><\/p>\n<p>a. zaj\u0119cia z psychologiem,<\/p>\n<p>b. zaj\u0119cia z wykorzystaniem interaktywnej pod\u0142ogi,<\/p>\n<p>c. zaj\u0119cia z j\u0119zyka angielskiego;<\/p>\n<p><strong>3) zaj\u0119cia w cyklu miesi\u0119cznym:<\/strong><\/p>\n<p>a. dogoterapia;<\/p>\n<p><strong>4) zaj\u0119cia od hoc<\/strong><\/p>\n<p>a. zaj\u0119cia z fizykoterapeut\u0105;<\/p>\n<p>[\/vc_column_text][\/vc_column][vc_column width=&#8221;1\/2&#8243; cms_title_size=&#8221;h2&#8243; cms_counter_border_color=&#8221;&#8221; cms_counter_bg_color=&#8221;&#8221;][vc_single_image image=&#8221;204&#8243; img_size=&#8221;large&#8221;][vc_empty_space height=&#8221;50px&#8221;][\/vc_column][\/vc_row]<\/p>\n","protected":false},"excerpt":{"rendered":"<p>[vc_row][vc_column width=&#8221;1\/2&#8243; cms_title_size=&#8221;h2&#8243;][vc_empty_space height=&#8221;36px&#8221;][vc_column_text]1) zaj\u0119cia cztery razy w miesi\u0105cu: a.\u00a0 sensoplastyka, b. muzykoterapia, c. zaj\u0119cia z elementami integracji sensorycznej, d. zaj\u0119cia z logoped\u0105; 2) zaj\u0119cia dwa razy w miesi\u0105cu: a. zaj\u0119cia z psychologiem, b. zaj\u0119cia z wykorzystaniem interaktywnej pod\u0142ogi, c. zaj\u0119cia z j\u0119zyka angielskiego; 3) zaj\u0119cia w cyklu miesi\u0119cznym: a. dogoterapia; 4) zaj\u0119cia od hoc [&hellip;]<\/p>\n","protected":false},"author":1,"featured_media":0,"parent":0,"menu_order":0,"comment_status":"closed","ping_status":"closed","template":"","meta":{"footnotes":""},"class_list":["post-80","page","type-page","status-publish","hentry"],"acf":[],"_links":{"self":[{"href":"https:\/\/www.wroclawskieskauty.pl\/zlobek-1\/wp-json\/wp\/v2\/pages\/80","targetHints":{"allow":["GET"]}}],"collection":[{"href":"https:\/\/www.wroclawskieskauty.pl\/zlobek-1\/wp-json\/wp\/v2\/pages"}],"about":[{"href":"https:\/\/www.wroclawskieskauty.pl\/zlobek-1\/wp-json\/wp\/v2\/types\/page"}],"author":[{"embeddable":true,"href":"https:\/\/www.wroclawskieskauty.pl\/zlobek-1\/wp-json\/wp\/v2\/users\/1"}],"replies":[{"embeddable":true,"href":"https:\/\/www.wroclawskieskauty.pl\/zlobek-1\/wp-json\/wp\/v2\/comments?post=80"}],"version-history":[{"count":10,"href":"https:\/\/www.wroclawskieskauty.pl\/zlobek-1\/wp-json\/wp\/v2\/pages\/80\/revisions"}],"predecessor-version":[{"id":791,"href":"https:\/\/www.wroclawskieskauty.pl\/zlobek-1\/wp-json\/wp\/v2\/pages\/80\/revisions\/791"}],"wp:attachment":[{"href":"https:\/\/www.wroclawskieskauty.pl\/zlobek-1\/wp-json\/wp\/v2\/media?parent=80"}],"curies":[{"name":"wp","href":"https:\/\/api.w.org\/{rel}","templated":true}]}}