{"id":82,"date":"2022-07-21T13:14:15","date_gmt":"2022-07-21T11:14:15","guid":{"rendered":"http:\/\/localhost\/skauty_1\/?page_id=82"},"modified":"2026-05-14T12:16:01","modified_gmt":"2026-05-14T10:16:01","slug":"dokumenty","status":"publish","type":"page","link":"https:\/\/www.wroclawskieskauty.pl\/zlobek-1\/dokumenty\/","title":{"rendered":"Dokumenty"},"content":{"rendered":"<p>[vc_row css=&#8221;.vc_custom_1431004352980{padding-top: 80px !important;padding-bottom: 80px !important;}&#8221;][vc_column width=&#8221;1\/2&#8243; cms_title_size=&#8221;h2&#8243;][vc_column_text]<\/p>\n<p class=\"font_7\"><strong><span class=\"color_15\">STATUT &#8211; <a href=\"https:\/\/www.wroclawskieskauty.pl\/zlobek-1\/wp-content\/uploads\/2024\/04\/statut-zlobek.pdf\">pobierz<\/a><\/span> <\/strong><\/p>\n<p><strong>Usprawiedliwienie nieobecno\u015bci dziecka w \u017c\u0142obku<\/strong> &#8211;<strong>\u00a0<a href=\"https:\/\/www.wroclawskieskauty.pl\/zlobek-1\/wp-content\/uploads\/2023\/01\/usprawiedliwienie.pdf\">pobierz<\/a><\/strong><\/p>\n<p>&nbsp;<\/p>\n<p><strong>Regulamin \u017c\u0142obka &#8211; <a href=\"https:\/\/www.wroclawskieskauty.pl\/zlobek-1\/wp-content\/uploads\/2024\/09\/regulamion-zlobka.pdf\">pobierz<\/a><\/strong><\/p>\n<p><strong>Za\u0142\u0105cznik nr 1 &#8211; Upowa\u017cnienia wielokrotne &#8211; <a href=\"https:\/\/www.wroclawskieskauty.pl\/zlobek-1\/wp-content\/uploads\/2022\/12\/Upowaznienie-wielokrotne-nr-1.pdf\">pobierz<\/a><\/strong><\/p>\n<p><strong>Za\u0142\u0105cznik nr 2 &#8211; Upowa\u017cnienia jednorazowe &#8211; <a href=\"https:\/\/www.wroclawskieskauty.pl\/zlobek-1\/wp-content\/uploads\/2022\/12\/Upowaznienie-jednorazowe-nr-2.pdf\">pobierz<\/a><\/strong><\/p>\n<p>&nbsp;<\/p>\n<p><strong>Standardy ochrony ma\u0142oletnich &#8211; <a href=\"https:\/\/www.wroclawskieskauty.pl\/zlobek-1\/wp-content\/uploads\/2026\/05\/STANDARDY-OCHRONY-MALOLETNICH-ZLOBEK.pdf\">Pobierz<\/a><\/strong><\/p>\n<p><strong>Za\u0142\u0105cznik nr 1 &#8211; <a href=\"https:\/\/www.wroclawskieskauty.pl\/zlobek-1\/wp-content\/uploads\/2026\/05\/Zalacznik-nr-1-Oswiadczenie-pracownika-o-znajomosci-przestrzeganiu-zasad-zawartych-w-Standardach-Ochrony-Maloletnich-w-Zlobku-Male-Skauty-I-we-Wroclawiu.pdf\">Pobierz<\/a><\/strong><\/p>\n<p><strong>Za\u0142\u0105cznik nr 2 &#8211; <a href=\"https:\/\/www.wroclawskieskauty.pl\/zlobek-1\/wp-content\/uploads\/2026\/05\/Zalacznik-nr-2-Karta-Interwencyjna-obowiazujaca-w-Zlobku-Male-Skauty-I-we-Wroclawiu.pdf\">Pobierz<\/a>\u00a0<\/strong><\/p>\n<p><strong>Za\u0142\u0105cznik nr 3 &#8211; <a href=\"https:\/\/www.wroclawskieskauty.pl\/zlobek-1\/wp-content\/uploads\/2026\/05\/Zalacznik-nr-3-Monitoring-standardow-\u2013-ankieta-dla-pracownikow-Zlobka-Male-Skauty-i-we-Wroclawiu.pdf\">Pobierz<\/a><\/strong>[\/vc_column_text][vc_empty_space height=&#8221;36px&#8221;][\/vc_column][vc_column width=&#8221;1\/2&#8243; cms_title_size=&#8221;h2&#8243; cms_counter_border_color=&#8221;&#8221; cms_counter_bg_color=&#8221;&#8221;][vc_images_carousel images=&#8221;221,220,116&#8243; img_size=&#8221;480&#215;360&#8243; autoplay=&#8221;yes&#8221; wrap=&#8221;yes&#8221;][\/vc_column][\/vc_row][vc_row full_width=&#8221;stretch_row&#8221; row_color=&#8221;#ffffff&#8221; bg_style=&#8221;bg-effect-lg&#8221; css=&#8221;.vc_custom_1530046395857{padding-top: 20px !important;padding-bottom: 55px !important;background: #32b3cd url(http:\/\/dev.joomexp.com\/wordpress\/wp-kindergarten\/wp-content\/uploads\/2015\/04\/bg-vector.png?id=30) !important;background-position: center !important;background-repeat: no-repeat !important;background-size: cover !important;}&#8221;][\/vc_row]<\/p>\n","protected":false},"excerpt":{"rendered":"<p>[vc_row css=&#8221;.vc_custom_1431004352980{padding-top: 80px !important;padding-bottom: 80px !important;}&#8221;][vc_column width=&#8221;1\/2&#8243; cms_title_size=&#8221;h2&#8243;][vc_column_text] STATUT &#8211; pobierz Usprawiedliwienie nieobecno\u015bci dziecka w \u017c\u0142obku &#8211;\u00a0pobierz &nbsp; Regulamin \u017c\u0142obka &#8211; pobierz Za\u0142\u0105cznik nr 1 &#8211; Upowa\u017cnienia wielokrotne &#8211; pobierz Za\u0142\u0105cznik nr 2 &#8211; Upowa\u017cnienia jednorazowe &#8211; pobierz &nbsp; Standardy ochrony ma\u0142oletnich &#8211; Pobierz Za\u0142\u0105cznik nr 1 &#8211; Pobierz Za\u0142\u0105cznik nr 2 &#8211; Pobierz\u00a0 Za\u0142\u0105cznik [&hellip;]<\/p>\n","protected":false},"author":1,"featured_media":0,"parent":0,"menu_order":0,"comment_status":"closed","ping_status":"closed","template":"","meta":{"footnotes":""},"class_list":["post-82","page","type-page","status-publish","hentry"],"acf":[],"_links":{"self":[{"href":"https:\/\/www.wroclawskieskauty.pl\/zlobek-1\/wp-json\/wp\/v2\/pages\/82","targetHints":{"allow":["GET"]}}],"collection":[{"href":"https:\/\/www.wroclawskieskauty.pl\/zlobek-1\/wp-json\/wp\/v2\/pages"}],"about":[{"href":"https:\/\/www.wroclawskieskauty.pl\/zlobek-1\/wp-json\/wp\/v2\/types\/page"}],"author":[{"embeddable":true,"href":"https:\/\/www.wroclawskieskauty.pl\/zlobek-1\/wp-json\/wp\/v2\/users\/1"}],"replies":[{"embeddable":true,"href":"https:\/\/www.wroclawskieskauty.pl\/zlobek-1\/wp-json\/wp\/v2\/comments?post=82"}],"version-history":[{"count":12,"href":"https:\/\/www.wroclawskieskauty.pl\/zlobek-1\/wp-json\/wp\/v2\/pages\/82\/revisions"}],"predecessor-version":[{"id":937,"href":"https:\/\/www.wroclawskieskauty.pl\/zlobek-1\/wp-json\/wp\/v2\/pages\/82\/revisions\/937"}],"wp:attachment":[{"href":"https:\/\/www.wroclawskieskauty.pl\/zlobek-1\/wp-json\/wp\/v2\/media?parent=82"}],"curies":[{"name":"wp","href":"https:\/\/api.w.org\/{rel}","templated":true}]}}