{"id":84,"date":"2022-07-21T13:14:39","date_gmt":"2022-07-21T11:14:39","guid":{"rendered":"http:\/\/localhost\/skauty_1\/?page_id=84"},"modified":"2022-12-16T09:47:51","modified_gmt":"2022-12-16T08:47:51","slug":"maluch","status":"publish","type":"page","link":"https:\/\/www.wroclawskieskauty.pl\/zlobek-1\/maluch\/","title":{"rendered":"Maluch+"},"content":{"rendered":"<p>[vc_row][vc_column][vc_column_text]<\/p>\n<div>\n<p>NAZWA PROGRAMU: <strong>Program &#8222;MALUCH+&#8221; 2021 <\/strong><\/p>\n<p>NAZWA ZADANIA: <strong>Utworzenie i dofinansowanie miejsc opieki w \u017b\u0142obku &#8222;Ma\u0142e Skauty I&#8221; przy ul. Radkowskiej 26 we Wroc\u0142awiu<\/strong><\/p>\n<p><strong>DOFINANSOWANO ZE \u015aRODK\u00d3W PA\u0143STWOWEGO FUNDUSZU CELOWEGO <\/strong><\/p>\n<p>WARTO\u015a\u0106 DOFINANSOWANIA: <strong>540 000 z\u0142<\/strong><\/p>\n<p>CA\u0141KOWITA WARTO\u015a\u0106 ZADANIA: <strong>675 000 z\u0142<\/strong><\/p>\n<p>OPIS ZADANIA:<\/p>\n<p>W ramach Programu \u201eMaluch+\u201d 2021 utworzono \u017b\u0142obek \u201eMa\u0142e Skauty I\u201d, kt\u00f3ry mie\u015bci si\u0119 przy ul. Radkowskiej 26 we Wroc\u0142awiu. Jest on przygotowany do opieki nad 54 dzie\u0107mi w wieku od 20 tygodnia \u017cycia do 3\u00a0lat.<\/p>\n<p>Ze \u015brodk\u00f3w Pa\u0144stwowego Funduszu Celowego zrealizowano m.in.: prace remontowe sal oraz toalet, zakup wyposa\u017cenia, pomocy dydaktycznych, zabawek, sprz\u0119tu audio, zamontowano plac zabaw a tak\u017ce przeprowadzono szkolenia dla personelu.<\/p>\n<p>Jednocze\u015bnie w ramach Programu \u201eMaluch+\u201d 2021 rodzice mog\u0105 korzysta\u0107 z\u00a0dofinansowania do miejsc opieki.<\/p>\n<p>\u017b\u0142obek \u201eMa\u0142e Skauty I\u201d zosta\u0142 otwarty w marcu 2021. Opieka zapewniona jest w grupach \u017c\u0142obkowych zr\u00f3\u017cnicowanych pod wzgl\u0119dem wieku. Ka\u017cda grupa ma swoj\u0105 nazw\u0119 i\u00a0okrzyk.<\/p>\n<p>Pomieszczenia \u017c\u0142obka zosta\u0142y zaprojektowane nowocze\u015bnie i estetycznie. Wykorzystali\u015bmy kolory daj\u0105ce poczucie bezpiecze\u0144stwa i\u00a0sprzyjaj\u0105ce nauce. Na ka\u017cdej sali znajduj\u0105 si\u0119 k\u0105ciki tematyczne oraz wygodne miejsce do spo\u017cywania posi\u0142k\u00f3w. Ka\u017cda sala, w kt\u00f3rej jest sprawowana opieka, ma zamontowany monitoring z minimalnym 60-dniowym dost\u0119pem do nagra\u0144 archiwalnych. Szatnie zosta\u0142y zaprojektowane tak, aby dzieci mog\u0142y samodzielnie kszta\u0142towa\u0107 umiej\u0119tno\u015b\u0107 ubierania si\u0119 i przebierania. Wysoko\u015b\u0107 mebli oraz sanitariat\u00f3w dostosowana jest do wzrostu maluszk\u00f3w, aby swobodnie i bezpiecznie mog\u0142y z nich korzysta\u0107 i uczy\u0107 si\u0119 codziennych czynno\u015bci \u017cyciowych.<\/p>\n<p>Na terenie \u017c\u0142obka zosta\u0142 zamontowany nowoczesny i bezpieczny plac zabaw z wyposa\u017ceniem dedykowany najm\u0142odszym dzieciom tak, aby czu\u0142y si\u0119 bezpiecznie zar\u00f3wno one jak i\u00a0ich rodzice. Promujemy aktywno\u015b\u0107 fizyczn\u0105 i zabaw\u0119 na \u015bwie\u017cym powietrzu. Zach\u0119camy do zdrowego stylu \u017cycia realizowanego przez ruch i spontaniczn\u0105 zabaw\u0119 z r\u00f3wie\u015bnikami.\u00a0 Zamontowane sprz\u0119ty s\u0105 dostosowane do potrzeb dzieci w wielu do lat 3. Zadbali\u015bmy o plac zabaw z bezpieczn\u0105 nawierzchni\u0105, tj. traw\u0105 i matami przerostowymi, co pozwala na swobodn\u0105 i beztrosk\u0105 zabaw\u0119.<\/p>\n<p>&nbsp;<\/p>\n<\/div>\n<p>[\/vc_column_text][\/vc_column][\/vc_row]<\/p>\n","protected":false},"excerpt":{"rendered":"<p>[vc_row][vc_column][vc_column_text] NAZWA PROGRAMU: Program &#8222;MALUCH+&#8221; 2021 NAZWA ZADANIA: Utworzenie i dofinansowanie miejsc opieki w \u017b\u0142obku &#8222;Ma\u0142e Skauty I&#8221; przy ul. Radkowskiej 26 we Wroc\u0142awiu DOFINANSOWANO ZE \u015aRODK\u00d3W PA\u0143STWOWEGO FUNDUSZU CELOWEGO WARTO\u015a\u0106 DOFINANSOWANIA: 540 000 z\u0142 CA\u0141KOWITA WARTO\u015a\u0106 ZADANIA: 675 000 z\u0142 OPIS ZADANIA: W ramach Programu \u201eMaluch+\u201d 2021 utworzono \u017b\u0142obek \u201eMa\u0142e Skauty I\u201d, kt\u00f3ry mie\u015bci [&hellip;]<\/p>\n","protected":false},"author":1,"featured_media":0,"parent":0,"menu_order":0,"comment_status":"closed","ping_status":"closed","template":"","meta":{"footnotes":""},"class_list":["post-84","page","type-page","status-publish","hentry"],"acf":[],"_links":{"self":[{"href":"https:\/\/www.wroclawskieskauty.pl\/zlobek-1\/wp-json\/wp\/v2\/pages\/84","targetHints":{"allow":["GET"]}}],"collection":[{"href":"https:\/\/www.wroclawskieskauty.pl\/zlobek-1\/wp-json\/wp\/v2\/pages"}],"about":[{"href":"https:\/\/www.wroclawskieskauty.pl\/zlobek-1\/wp-json\/wp\/v2\/types\/page"}],"author":[{"embeddable":true,"href":"https:\/\/www.wroclawskieskauty.pl\/zlobek-1\/wp-json\/wp\/v2\/users\/1"}],"replies":[{"embeddable":true,"href":"https:\/\/www.wroclawskieskauty.pl\/zlobek-1\/wp-json\/wp\/v2\/comments?post=84"}],"version-history":[{"count":6,"href":"https:\/\/www.wroclawskieskauty.pl\/zlobek-1\/wp-json\/wp\/v2\/pages\/84\/revisions"}],"predecessor-version":[{"id":323,"href":"https:\/\/www.wroclawskieskauty.pl\/zlobek-1\/wp-json\/wp\/v2\/pages\/84\/revisions\/323"}],"wp:attachment":[{"href":"https:\/\/www.wroclawskieskauty.pl\/zlobek-1\/wp-json\/wp\/v2\/media?parent=84"}],"curies":[{"name":"wp","href":"https:\/\/api.w.org\/{rel}","templated":true}]}}