{"id":90,"date":"2022-07-21T13:15:27","date_gmt":"2022-07-21T11:15:27","guid":{"rendered":"http:\/\/localhost\/skauty_1\/?page_id=90"},"modified":"2023-08-24T12:42:03","modified_gmt":"2023-08-24T10:42:03","slug":"nasze-projekty","status":"publish","type":"page","link":"https:\/\/www.wroclawskieskauty.pl\/zlobek-1\/nasze-projekty\/","title":{"rendered":"Harmonogram dnia"},"content":{"rendered":"<p>[vc_row][vc_column cms_title_size=&#8221;h2&#8243;][vc_column_text]<\/p>\n<h2>CO MA\u0141E SKAUTY ROBI\u0104 PRZEZ CA\u0141Y DZIE\u0143?<\/h2>\n<h3>HARMONOGRAM DNIA:<\/h3>\n<p><strong>7:00-8:00<\/strong> &#8211; Schodzenie si\u0119 dzieci, zabawy dowolne organizowane przez dzieci, lub inspirowane przez opiekuna o charakterze indywidualnym lub w ma\u0142ych zespo\u0142ach np. zabawy stolikowe, puzzle, klocki itp., poranne \u0107wiczenia ruchowe<\/p>\n<p><strong>8:00-9:00<\/strong> &#8211; Czynno\u015bci samoobs\u0142ugowo-higieniczne, \u015bniadanie (8:20)<\/p>\n<p><strong>9:00-10:00<\/strong> &#8211; Projektowanie wsp\u00f3lnie z dzie\u0107mi zaj\u0119\u0107 obowi\u0105zkowych i dodatkowych, uwzgl\u0119dniaj\u0105cych propozycje dzieci, ich zainteresowania i potrzeby. Zabawy ruchowe, gry sportowe, pl\u0105sy przy muzyce, zaj\u0119cia plastyczne, pobyt na placu zabaw, wycieczki, spacery, imprezy wynikaj\u0105ce z harmonogramu \u015bwi\u0105t i uroczysto\u015bci.<\/p>\n<p><strong>10:00-11:00<\/strong> &#8211; Czynno\u015bci samoobs\u0142ugowo-higieniczne, podobiadek (10:00), zupa (10:30);<\/p>\n<p><strong>11:00-13:00<\/strong> &#8211; Le\u017cakowanie<\/p>\n<p><strong>13:00-14:00<\/strong> &#8211; Czynno\u015bci samoobs\u0142ugowo-higieniczne, drugie danie (13:30)<\/p>\n<p><strong>14:00-17:00<\/strong> &#8211; Kontynuacja zaj\u0119\u0107 edukacyjnych i wychowawczych, gry, podwieczorek (14:30), zabawy dydaktyczne w sali lub na placu zabaw, zabawy tematyczne w k\u0105cikach zainteresowa\u0144 wg. potrzeb dzieci.[\/vc_column_text][\/vc_column][\/vc_row]<\/p>\n","protected":false},"excerpt":{"rendered":"<p>[vc_row][vc_column cms_title_size=&#8221;h2&#8243;][vc_column_text] CO MA\u0141E SKAUTY ROBI\u0104 PRZEZ CA\u0141Y DZIE\u0143? HARMONOGRAM DNIA: 7:00-8:00 &#8211; Schodzenie si\u0119 dzieci, zabawy dowolne organizowane przez dzieci, lub inspirowane przez opiekuna o charakterze indywidualnym lub w ma\u0142ych zespo\u0142ach np. zabawy stolikowe, puzzle, klocki itp., poranne \u0107wiczenia ruchowe 8:00-9:00 &#8211; Czynno\u015bci samoobs\u0142ugowo-higieniczne, \u015bniadanie (8:20) 9:00-10:00 &#8211; Projektowanie wsp\u00f3lnie z dzie\u0107mi zaj\u0119\u0107 obowi\u0105zkowych [&hellip;]<\/p>\n","protected":false},"author":1,"featured_media":0,"parent":0,"menu_order":0,"comment_status":"closed","ping_status":"closed","template":"","meta":{"footnotes":""},"class_list":["post-90","page","type-page","status-publish","hentry"],"acf":[],"_links":{"self":[{"href":"https:\/\/www.wroclawskieskauty.pl\/zlobek-1\/wp-json\/wp\/v2\/pages\/90","targetHints":{"allow":["GET"]}}],"collection":[{"href":"https:\/\/www.wroclawskieskauty.pl\/zlobek-1\/wp-json\/wp\/v2\/pages"}],"about":[{"href":"https:\/\/www.wroclawskieskauty.pl\/zlobek-1\/wp-json\/wp\/v2\/types\/page"}],"author":[{"embeddable":true,"href":"https:\/\/www.wroclawskieskauty.pl\/zlobek-1\/wp-json\/wp\/v2\/users\/1"}],"replies":[{"embeddable":true,"href":"https:\/\/www.wroclawskieskauty.pl\/zlobek-1\/wp-json\/wp\/v2\/comments?post=90"}],"version-history":[{"count":8,"href":"https:\/\/www.wroclawskieskauty.pl\/zlobek-1\/wp-json\/wp\/v2\/pages\/90\/revisions"}],"predecessor-version":[{"id":515,"href":"https:\/\/www.wroclawskieskauty.pl\/zlobek-1\/wp-json\/wp\/v2\/pages\/90\/revisions\/515"}],"wp:attachment":[{"href":"https:\/\/www.wroclawskieskauty.pl\/zlobek-1\/wp-json\/wp\/v2\/media?parent=90"}],"curies":[{"name":"wp","href":"https:\/\/api.w.org\/{rel}","templated":true}]}}